{"id":12440,"date":"2022-02-01T16:58:08","date_gmt":"2022-02-01T15:58:08","guid":{"rendered":"https:\/\/www.anteo.com\/?page_id=12440"},"modified":"2026-03-14T11:28:28","modified_gmt":"2026-03-14T10:28:28","slug":"kontakt","status":"publish","type":"page","link":"https:\/\/www.anteo.com\/de\/kontakt\/","title":{"rendered":"Contacts"},"content":{"rendered":"\t\t<div data-elementor-type=\"wp-page\" data-elementor-id=\"12440\" class=\"elementor elementor-12440 elementor-5670\" data-elementor-post-type=\"page\">\n\t\t\t\t\t\t<section class=\"elementor-section elementor-top-section elementor-element elementor-element-8a58027 elementor-section-full_width elementor-section-height-min-height elementor-section-height-default elementor-section-items-middle\" data-id=\"8a58027\" data-element_type=\"section\" data-settings=\"{&quot;background_background&quot;:&quot;classic&quot;}\">\n\t\t\t\t\t\t\t<div class=\"elementor-background-overlay\"><\/div>\n\t\t\t\t\t\t\t<div class=\"elementor-container elementor-column-gap-default\">\n\t\t\t\t\t<div class=\"elementor-column elementor-col-50 elementor-top-column elementor-element elementor-element-1eaa5af2\" data-id=\"1eaa5af2\" data-element_type=\"column\" data-settings=\"{&quot;background_background&quot;:&quot;classic&quot;}\">\n\t\t\t<div class=\"elementor-widget-wrap elementor-element-populated\">\n\t\t\t\t\t\t<div class=\"elementor-element elementor-element-8146cf1 elementor-widget elementor-widget-heading\" data-id=\"8146cf1\" data-element_type=\"widget\" data-widget_type=\"heading.default\">\n\t\t\t\t<div class=\"elementor-widget-container\">\n\t\t\t<style>\/*! elementor - v3.19.0 - 07-02-2024 *\/\n.elementor-heading-title{padding:0;margin:0;line-height:1}.elementor-widget-heading .elementor-heading-title[class*=elementor-size-]>a{color:inherit;font-size:inherit;line-height:inherit}.elementor-widget-heading .elementor-heading-title.elementor-size-small{font-size:15px}.elementor-widget-heading .elementor-heading-title.elementor-size-medium{font-size:19px}.elementor-widget-heading .elementor-heading-title.elementor-size-large{font-size:29px}.elementor-widget-heading .elementor-heading-title.elementor-size-xl{font-size:39px}.elementor-widget-heading .elementor-heading-title.elementor-size-xxl{font-size:59px}<\/style><h1 class=\"elementor-heading-title elementor-size-default\">M\u00f6chten Sie mehr erfahren?<br> Kontaktieren Sie Anteo.\n<\/h1>\t\t<\/div>\n\t\t\t\t<\/div>\n\t\t\t\t<div class=\"elementor-element elementor-element-3e7fa82 elementor-widget elementor-widget-text-editor\" data-id=\"3e7fa82\" data-element_type=\"widget\" data-widget_type=\"text-editor.default\">\n\t\t\t\t<div class=\"elementor-widget-container\">\n\t\t\t<style>\/*! elementor - v3.19.0 - 07-02-2024 *\/\n.elementor-widget-text-editor.elementor-drop-cap-view-stacked .elementor-drop-cap{background-color:#69727d;color:#fff}.elementor-widget-text-editor.elementor-drop-cap-view-framed .elementor-drop-cap{color:#69727d;border:3px solid;background-color:transparent}.elementor-widget-text-editor:not(.elementor-drop-cap-view-default) .elementor-drop-cap{margin-top:8px}.elementor-widget-text-editor:not(.elementor-drop-cap-view-default) .elementor-drop-cap-letter{width:1em;height:1em}.elementor-widget-text-editor .elementor-drop-cap{float:left;text-align:center;line-height:1;font-size:50px}.elementor-widget-text-editor .elementor-drop-cap-letter{display:inline-block}<\/style>\t\t\t\t<p>M\u00f6chten Sie weitere Informationen \u00fcber Anteo-Ladebordw\u00e4nde oder ben\u00f6tigen ein Angebot f\u00fcr eine neue Ladebordwand?<\/p>\t\t\t\t\t\t<\/div>\n\t\t\t\t<\/div>\n\t\t\t\t\t<\/div>\n\t\t<\/div>\n\t\t\t\t<div class=\"elementor-column elementor-col-50 elementor-top-column elementor-element elementor-element-cb1d839 elementor-hidden-tablet elementor-hidden-mobile\" data-id=\"cb1d839\" data-element_type=\"column\" data-settings=\"{&quot;background_background&quot;:&quot;classic&quot;}\">\n\t\t\t<div class=\"elementor-widget-wrap\">\n\t\t\t\t\t\t\t<\/div>\n\t\t<\/div>\n\t\t\t\t\t<\/div>\n\t\t<\/section>\n\t\t\t\t<section class=\"elementor-section elementor-top-section elementor-element elementor-element-133949ea elementor-section-full_width elementor-section-height-default elementor-section-height-default\" data-id=\"133949ea\" data-element_type=\"section\" data-settings=\"{&quot;background_background&quot;:&quot;classic&quot;}\">\n\t\t\t\t\t\t<div class=\"elementor-container elementor-column-gap-default\">\n\t\t\t\t\t<div class=\"elementor-column elementor-col-100 elementor-top-column elementor-element elementor-element-345f8d94\" data-id=\"345f8d94\" data-element_type=\"column\">\n\t\t\t<div class=\"elementor-widget-wrap elementor-element-populated\">\n\t\t\t\t\t\t<section class=\"elementor-section elementor-inner-section elementor-element elementor-element-66a9fb02 elementor-section-full_width elementor-section-height-default elementor-section-height-default\" data-id=\"66a9fb02\" data-element_type=\"section\">\n\t\t\t\t\t\t<div class=\"elementor-container elementor-column-gap-no\">\n\t\t\t\t\t<div class=\"elementor-column elementor-col-50 elementor-inner-column elementor-element elementor-element-58f9b8\" data-id=\"58f9b8\" data-element_type=\"column\">\n\t\t\t<div class=\"elementor-widget-wrap elementor-element-populated\">\n\t\t\t\t\t\t<div class=\"elementor-element elementor-element-16fe8f6 elementor-widget elementor-widget-heading\" data-id=\"16fe8f6\" data-element_type=\"widget\" data-widget_type=\"heading.default\">\n\t\t\t\t<div class=\"elementor-widget-container\">\n\t\t\t<h3 class=\"elementor-heading-title elementor-size-default\">Anteo Beladesysteme<br>  Ladebordw\u00e4nde Made in Italy  <\/h3>\t\t<\/div>\n\t\t\t\t<\/div>\n\t\t\t\t<div class=\"elementor-element elementor-element-2c84316 elementor-tablet-align-center elementor-mobile-align-left elementor-icon-list--layout-traditional elementor-list-item-link-full_width elementor-widget elementor-widget-icon-list\" data-id=\"2c84316\" data-element_type=\"widget\" data-widget_type=\"icon-list.default\">\n\t\t\t\t<div class=\"elementor-widget-container\">\n\t\t\t<link rel=\"stylesheet\" href=\"https:\/\/www.anteo.com\/wp-content\/plugins\/elementor\/assets\/css\/widget-icon-list.min.css\">\t\t<ul class=\"elementor-icon-list-items\">\n\t\t\t\t\t\t\t<li class=\"elementor-icon-list-item\">\n\t\t\t\t\t\t\t\t\t\t\t<span class=\"elementor-icon-list-icon\">\n\t\t\t\t\t\t\t<i aria-hidden=\"true\" class=\"fas fa-location-arrow\"><\/i>\t\t\t\t\t\t<\/span>\n\t\t\t\t\t\t\t\t\t\t<span class=\"elementor-icon-list-text\">Anteo Beladesysteme GmbH\u200b Hans-B\u00f6ckler-Ring 23A 22851 Norderstedt, Deutschland\u200b<\/span>\n\t\t\t\t\t\t\t\t\t<\/li>\n\t\t\t\t\t\t\t\t<li class=\"elementor-icon-list-item\">\n\t\t\t\t\t\t\t\t\t\t\t<span class=\"elementor-icon-list-icon\">\n\t\t\t\t\t\t\t<i aria-hidden=\"true\" class=\"fas fa-phone-alt\"><\/i>\t\t\t\t\t\t<\/span>\n\t\t\t\t\t\t\t\t\t\t<span class=\"elementor-icon-list-text\">Tel +49 (0)40 593 631 25<\/span>\n\t\t\t\t\t\t\t\t\t<\/li>\n\t\t\t\t\t\t\t\t<li class=\"elementor-icon-list-item\">\n\t\t\t\t\t\t\t\t\t\t\t<span class=\"elementor-icon-list-icon\">\n\t\t\t\t\t\t\t<i aria-hidden=\"true\" class=\"fas fa-mail-bulk\"><\/i>\t\t\t\t\t\t<\/span>\n\t\t\t\t\t\t\t\t\t\t<span class=\"elementor-icon-list-text\">E-mail Info@anteo-beladesysteme.com<\/span>\n\t\t\t\t\t\t\t\t\t<\/li>\n\t\t\t\t\t\t\t\t<li class=\"elementor-icon-list-item\">\n\t\t\t\t\t\t\t\t\t\t\t<span class=\"elementor-icon-list-icon\">\n\t\t\t\t\t\t\t<i aria-hidden=\"true\" class=\"fas fa-industry\"><\/i>\t\t\t\t\t\t<\/span>\n\t\t\t\t\t\t\t\t\t\t<span class=\"elementor-icon-list-text\">USt-IdNr DE34 653 4901<\/span>\n\t\t\t\t\t\t\t\t\t<\/li>\n\t\t\t\t\t\t<\/ul>\n\t\t\t\t<\/div>\n\t\t\t\t<\/div>\n\t\t\t\t\t<\/div>\n\t\t<\/div>\n\t\t\t\t<div class=\"elementor-column elementor-col-50 elementor-inner-column elementor-element elementor-element-7b826c0e\" data-id=\"7b826c0e\" data-element_type=\"column\" data-settings=\"{&quot;background_background&quot;:&quot;classic&quot;}\">\n\t\t\t<div class=\"elementor-widget-wrap elementor-element-populated\">\n\t\t\t\t\t\t<div class=\"elementor-element elementor-element-326acd9 elementor-widget elementor-widget-text-editor\" data-id=\"326acd9\" data-element_type=\"widget\" id=\"form-warranty\" data-widget_type=\"text-editor.default\">\n\t\t\t\t<div class=\"elementor-widget-container\">\n\t\t\t\t\t\t\t<h4 style=\"color: #0061af;\"><strong>F\u00fcllen Sie das Formular aus und wir kontaktieren Sie so schnell werden Sie so schnell wie m\u00f6glich.<\/strong><\/h4>\t\t\t\t\t\t<\/div>\n\t\t\t\t<\/div>\n\t\t\t\t<div class=\"elementor-element elementor-element-261e41c elementor-widget elementor-widget-shortcode\" data-id=\"261e41c\" data-element_type=\"widget\" data-widget_type=\"shortcode.default\">\n\t\t\t\t<div class=\"elementor-widget-container\">\n\t\t\t\t\t<div class=\"elementor-shortcode\">\n<div class=\"wpcf7 no-js\" id=\"wpcf7-f15855-o1\" lang=\"it-IT\" dir=\"ltr\" data-wpcf7-id=\"15855\">\n<div class=\"screen-reader-response\"><p role=\"status\" aria-live=\"polite\" aria-atomic=\"true\"><\/p> <ul><\/ul><\/div>\n<form action=\"\/de\/wp-json\/wp\/v2\/pages\/12440#wpcf7-f15855-o1\" method=\"post\" class=\"wpcf7-form init\" aria-label=\"Modulo di contatto\" novalidate=\"novalidate\" data-status=\"init\">\n<fieldset class=\"hidden-fields-container\"><input type=\"hidden\" name=\"_wpcf7\" value=\"15855\" \/><input type=\"hidden\" name=\"_wpcf7_version\" value=\"6.1.5\" \/><input type=\"hidden\" name=\"_wpcf7_locale\" value=\"it_IT\" \/><input type=\"hidden\" name=\"_wpcf7_unit_tag\" value=\"wpcf7-f15855-o1\" \/><input type=\"hidden\" name=\"_wpcf7_container_post\" value=\"0\" \/><input type=\"hidden\" name=\"_wpcf7_posted_data_hash\" value=\"\" \/><input type=\"hidden\" name=\"_wpcf7_recaptcha_response\" value=\"\" \/>\n<\/fieldset>\n<div id=\"responsive-form\" class=\"clearfix\">\n\t<div class=\"form-row\">\n\t\t<div class=\"column-half\">\n\t\t\t<p><span class=\"wpcf7-form-control-wrap\" data-name=\"nome\"><input size=\"40\" maxlength=\"400\" class=\"wpcf7-form-control wpcf7-text wpcf7-validates-as-required\" aria-required=\"true\" aria-invalid=\"false\" placeholder=\"VORNAME *\" value=\"\" type=\"text\" name=\"nome\" \/><\/span>\n\t\t\t<\/p>\n\t\t<\/div>\n\t\t<div class=\"column-half\">\n\t\t\t<p><span class=\"wpcf7-form-control-wrap\" data-name=\"cognome\"><input size=\"40\" maxlength=\"400\" class=\"wpcf7-form-control wpcf7-text wpcf7-validates-as-required\" aria-required=\"true\" aria-invalid=\"false\" placeholder=\"NACHNAME *\" value=\"\" type=\"text\" name=\"cognome\" \/><\/span>\n\t\t\t<\/p>\n\t\t<\/div>\n\t<\/div>\n\t<div class=\"form-row\">\n\t\t<div class=\"column-half\">\n\t\t\t<p><span class=\"wpcf7-form-control-wrap\" data-name=\"email\"><input size=\"40\" maxlength=\"400\" class=\"wpcf7-form-control wpcf7-email wpcf7-validates-as-required wpcf7-text wpcf7-validates-as-email\" aria-required=\"true\" aria-invalid=\"false\" placeholder=\"EMAIL *\" value=\"\" type=\"email\" name=\"email\" \/><\/span>\n\t\t\t<\/p>\n\t\t<\/div>\n\t\t<div class=\"column-half\">\n\t\t\t<p><span class=\"wpcf7-form-control-wrap\" data-name=\"telefono\"><input size=\"40\" maxlength=\"400\" class=\"wpcf7-form-control wpcf7-tel wpcf7-validates-as-required wpcf7-text wpcf7-validates-as-tel\" aria-required=\"true\" aria-invalid=\"false\" placeholder=\"TELEFON *\" value=\"\" type=\"tel\" name=\"telefono\" \/><\/span>\n\t\t\t<\/p>\n\t\t<\/div>\n\t<\/div>\n\t<div class=\"form-row\">\n\t\t<div class=\"column-half\">\n\t\t\t<p><span class=\"wpcf7-form-control-wrap\" data-name=\"azienda\"><input size=\"40\" maxlength=\"400\" class=\"wpcf7-form-control wpcf7-text wpcf7-validates-as-required\" aria-required=\"true\" aria-invalid=\"false\" placeholder=\"AGENTUR*\" value=\"\" type=\"text\" name=\"azienda\" \/><\/span>\n\t\t\t<\/p>\n\t\t<\/div>\n\t\t<div class=\"column-half\">\n\t\t\t<p><span class=\"wpcf7-form-control-wrap\" data-name=\"indirizzo\"><input size=\"40\" maxlength=\"400\" class=\"wpcf7-form-control wpcf7-text wpcf7-validates-as-required\" aria-required=\"true\" aria-invalid=\"false\" placeholder=\"DIE ANSCHRIFT*\" value=\"\" type=\"text\" name=\"indirizzo\" \/><\/span>\n\t\t\t<\/p>\n\t\t<\/div>\n\t<\/div>\n\t<div class=\"form-row\">\n\t\t<div class=\"column-half\">\n\t\t\t<p><span class=\"wpcf7-form-control-wrap\" data-name=\"citta\"><input size=\"40\" maxlength=\"400\" class=\"wpcf7-form-control wpcf7-text wpcf7-validates-as-required\" aria-required=\"true\" aria-invalid=\"false\" placeholder=\"STADT*\" value=\"\" type=\"text\" name=\"citta\" \/><\/span>\n\t\t\t<\/p>\n\t\t<\/div>\n\t\t<div class=\"column-half\">\n\t\t\t<p><span class=\"wpcf7-form-control-wrap\" data-name=\"cap\"><input size=\"40\" maxlength=\"400\" class=\"wpcf7-form-control wpcf7-text wpcf7-validates-as-required\" aria-required=\"true\" aria-invalid=\"false\" placeholder=\"CAP *\" value=\"\" type=\"text\" name=\"cap\" \/><\/span>\n\t\t\t<\/p>\n\t\t<\/div>\n\t<\/div>\n\t<div class=\"column-full\">\n\t\t<p><span class=\"wpcf7-form-control-wrap\" data-name=\"richiesta\"><textarea cols=\"40\" rows=\"3\" maxlength=\"2000\" class=\"wpcf7-form-control wpcf7-textarea\" aria-invalid=\"false\" placeholder=\"ANFRAGE\" name=\"richiesta\"><\/textarea><\/span>\n\t\t<\/p>\n\t<\/div>\n\t<div class=\"column-full\">\n\t\t<div class=\"privacy\">\n\t\t\t<p><span class=\"wpcf7-form-control-wrap\" data-name=\"privacy\"><span class=\"wpcf7-form-control wpcf7-acceptance\"><span class=\"wpcf7-list-item\"><input type=\"checkbox\" name=\"privacy\" value=\"1\" aria-invalid=\"false\" \/><\/span><\/span><\/span><a href=\"\/privacy-policy\" target=\"_blank\">Ich genehmige die Verarbeitung meiner Daten gem\u00e4\u00df der europ\u00e4ischen Verordnung vom 27. April 2016 n. 2016\/679 \/ EU<\/a>\n\t\t\t<\/p>\n\t\t<\/div>\n\t\t<p><input class=\"wpcf7-form-control wpcf7-submit has-spinner\" type=\"submit\" value=\"KONTAKTIEREN SIE UNS\" \/>\n\t\t<\/p>\n\t<\/div>\n<\/div><div class=\"wpcf7-response-output\" aria-hidden=\"true\"><\/div>\n<\/form>\n<\/div>\n<\/div>\n\t\t\t\t<\/div>\n\t\t\t\t<\/div>\n\t\t\t\t\t<\/div>\n\t\t<\/div>\n\t\t\t\t\t<\/div>\n\t\t<\/section>\n\t\t\t\t\t<\/div>\n\t\t<\/div>\n\t\t\t\t\t<\/div>\n\t\t<\/section>\n\t\t\t\t<section class=\"elementor-section elementor-top-section elementor-element elementor-element-821129e elementor-section-full_width elementor-section-height-default elementor-section-height-default\" data-id=\"821129e\" data-element_type=\"section\">\n\t\t\t\t\t\t<div class=\"elementor-container elementor-column-gap-default\">\n\t\t\t\t\t<div class=\"elementor-column elementor-col-100 elementor-top-column elementor-element elementor-element-2323bec\" data-id=\"2323bec\" data-element_type=\"column\">\n\t\t\t<div class=\"elementor-widget-wrap elementor-element-populated\">\n\t\t\t\t\t\t<div class=\"elementor-element elementor-element-1379496 elementor-widget elementor-widget-html\" data-id=\"1379496\" data-element_type=\"widget\" data-widget_type=\"html.default\">\n\t\t\t\t<div class=\"elementor-widget-container\">\n\t\t\t<iframe src=\"https:\/\/www.google.com\/maps\/embed?pb=!1m14!1m8!1m3!1d14334.059289373212!2d11.6678667!3d44.6136898!3m2!1i1024!2i768!4f13.1!3m3!1m2!1s0x0%3A0x92af3cc209d12ac!2sAnteo%20S.p.A.%20Premium%20Aluminium%20Tail-Lifts%20-%20Sponde%20Idrauliche!5e1!3m2!1sit!2sit!4v1657719783011!5m2!1sit!2sit\" width=\"600\" height=\"450\" style=\"border:0;\" allowfullscreen=\"\" loading=\"lazy\" referrerpolicy=\"no-referrer-when-downgrade\"><\/iframe>\t\t<\/div>\n\t\t\t\t<\/div>\n\t\t\t\t\t<\/div>\n\t\t<\/div>\n\t\t\t\t\t<\/div>\n\t\t<\/section>\n\t\t\t\t<\/div>\n\t\t","protected":false},"excerpt":{"rendered":"<p>M\u00f6chten Sie mehr erfahren? Kontaktieren Sie Anteo. M\u00f6chten Sie weitere Informationen \u00fcber Anteo-Ladebordw\u00e4nde oder ben\u00f6tigen ein Angebot f\u00fcr eine neue Ladebordwand? Anteo Beladesysteme Ladebordw\u00e4nde Made in Italy Anteo Beladesysteme GmbH\u200b Hans-B\u00f6ckler-Ring 23A 22851 Norderstedt, Deutschland\u200b Tel +49 (0)40 593 631 25 E-mail Info@anteo-beladesysteme.com USt-IdNr DE34 653 4901 F\u00fcllen Sie das Formular aus und wir kontaktieren [&hellip;]<\/p>\n","protected":false},"author":2,"featured_media":0,"parent":0,"menu_order":0,"comment_status":"closed","ping_status":"closed","template":"","meta":{"footnotes":""},"class_list":["post-12440","page","type-page","status-publish","hentry"],"yoast_head":"<!-- This site is optimized with the Yoast SEO plugin v27.2 - https:\/\/yoast.com\/product\/yoast-seo-wordpress\/ -->\r\n<title>Weitere Informationen \u00fcber Anteo-Ladebordw\u00e4nde<\/title>\r\n<meta name=\"description\" content=\"M\u00f6chten Sie weitere Informationen \u00fcber den Einsatz von Anteo-Ladebordw\u00e4nden? M\u00f6chten Sie weitere Informationen \u00fcber Anteo-Ladebordw\u00e4nde, ein Angebot f\u00fcr die Installation Ihrer neuen Ladebordwand oder etwas anderes?\" \/>\r\n<meta name=\"robots\" content=\"index, follow, max-snippet:-1, max-image-preview:large, max-video-preview:-1\" \/>\r\n<link rel=\"canonical\" href=\"https:\/\/www.anteo.com\/de\/kontakt\/\" \/>\r\n<meta property=\"og:locale\" content=\"de_DE\" \/>\r\n<meta property=\"og:type\" content=\"article\" \/>\r\n<meta property=\"og:title\" content=\"Weitere Informationen \u00fcber Anteo-Ladebordw\u00e4nde\" \/>\r\n<meta property=\"og:description\" content=\"M\u00f6chten Sie weitere Informationen \u00fcber den Einsatz von Anteo-Ladebordw\u00e4nden? M\u00f6chten Sie weitere Informationen \u00fcber Anteo-Ladebordw\u00e4nde, ein Angebot f\u00fcr die Installation Ihrer neuen Ladebordwand oder etwas anderes?\" \/>\r\n<meta property=\"og:url\" content=\"https:\/\/www.anteo.com\/de\/kontakt\/\" \/>\r\n<meta property=\"og:site_name\" content=\"Anteo\" \/>\r\n<meta property=\"article:modified_time\" content=\"2026-03-14T10:28:28+00:00\" \/>\r\n<meta property=\"og:image\" content=\"https:\/\/www.anteo.com\/wp-content\/uploads\/2021\/12\/cropped-ANTEO-logo-ico.png\" \/>\r\n\t<meta property=\"og:image:width\" content=\"512\" \/>\r\n\t<meta property=\"og:image:height\" content=\"512\" \/>\r\n\t<meta property=\"og:image:type\" content=\"image\/png\" \/>\r\n<meta name=\"twitter:card\" content=\"summary_large_image\" \/>\r\n<meta name=\"twitter:label1\" content=\"Gesch\u00e4tzte Lesezeit\" \/>\n\t<meta name=\"twitter:data1\" content=\"1\u00a0Minute\" \/>\r\n<script type=\"application\/ld+json\" class=\"yoast-schema-graph\">{\"@context\":\"https:\/\/schema.org\",\"@graph\":[{\"@type\":\"WebPage\",\"@id\":\"https:\/\/www.anteo.com\/de\/kontakt\/\",\"url\":\"https:\/\/www.anteo.com\/de\/kontakt\/\",\"name\":\"Weitere Informationen \u00fcber Anteo-Ladebordw\u00e4nde\",\"isPartOf\":{\"@id\":\"https:\/\/www.anteo.com\/it\/#website\"},\"datePublished\":\"2022-02-01T15:58:08+00:00\",\"dateModified\":\"2026-03-14T10:28:28+00:00\",\"description\":\"M\u00f6chten Sie weitere Informationen \u00fcber den Einsatz von Anteo-Ladebordw\u00e4nden? M\u00f6chten Sie weitere Informationen \u00fcber Anteo-Ladebordw\u00e4nde, ein Angebot f\u00fcr die Installation Ihrer neuen Ladebordwand oder etwas anderes?\",\"breadcrumb\":{\"@id\":\"https:\/\/www.anteo.com\/de\/kontakt\/#breadcrumb\"},\"inLanguage\":\"de\",\"potentialAction\":[{\"@type\":\"ReadAction\",\"target\":[\"https:\/\/www.anteo.com\/de\/kontakt\/\"]}]},{\"@type\":\"BreadcrumbList\",\"@id\":\"https:\/\/www.anteo.com\/de\/kontakt\/#breadcrumb\",\"itemListElement\":[{\"@type\":\"ListItem\",\"position\":1,\"name\":\"Home\",\"item\":\"https:\/\/www.anteo.com\/de\/\"},{\"@type\":\"ListItem\",\"position\":2,\"name\":\"Contacts\"}]},{\"@type\":\"WebSite\",\"@id\":\"https:\/\/www.anteo.com\/it\/#website\",\"url\":\"https:\/\/www.anteo.com\/it\/\",\"name\":\"Anteo\",\"description\":\"\",\"publisher\":{\"@id\":\"https:\/\/www.anteo.com\/it\/#organization\"},\"potentialAction\":[{\"@type\":\"SearchAction\",\"target\":{\"@type\":\"EntryPoint\",\"urlTemplate\":\"https:\/\/www.anteo.com\/it\/?s={search_term_string}\"},\"query-input\":{\"@type\":\"PropertyValueSpecification\",\"valueRequired\":true,\"valueName\":\"search_term_string\"}}],\"inLanguage\":\"de\"},{\"@type\":\"Organization\",\"@id\":\"https:\/\/www.anteo.com\/it\/#organization\",\"name\":\"Anteo\",\"url\":\"https:\/\/www.anteo.com\/it\/\",\"logo\":{\"@type\":\"ImageObject\",\"inLanguage\":\"de\",\"@id\":\"https:\/\/www.anteo.com\/it\/#\/schema\/logo\/image\/\",\"url\":\"https:\/\/www.anteo.com\/wp-content\/uploads\/2022\/01\/ANTEO-logo-1.png\",\"contentUrl\":\"https:\/\/www.anteo.com\/wp-content\/uploads\/2022\/01\/ANTEO-logo-1.png\",\"width\":400,\"height\":125,\"caption\":\"Anteo\"},\"image\":{\"@id\":\"https:\/\/www.anteo.com\/it\/#\/schema\/logo\/image\/\"}}]}<\/script>\r\n<!-- \/ Yoast SEO plugin. -->","yoast_head_json":{"title":"Weitere Informationen \u00fcber Anteo-Ladebordw\u00e4nde","description":"M\u00f6chten Sie weitere Informationen \u00fcber den Einsatz von Anteo-Ladebordw\u00e4nden? M\u00f6chten Sie weitere Informationen \u00fcber Anteo-Ladebordw\u00e4nde, ein Angebot f\u00fcr die Installation Ihrer neuen Ladebordwand oder etwas anderes?","robots":{"index":"index","follow":"follow","max-snippet":"max-snippet:-1","max-image-preview":"max-image-preview:large","max-video-preview":"max-video-preview:-1"},"canonical":"https:\/\/www.anteo.com\/de\/kontakt\/","og_locale":"de_DE","og_type":"article","og_title":"Weitere Informationen \u00fcber Anteo-Ladebordw\u00e4nde","og_description":"M\u00f6chten Sie weitere Informationen \u00fcber den Einsatz von Anteo-Ladebordw\u00e4nden? M\u00f6chten Sie weitere Informationen \u00fcber Anteo-Ladebordw\u00e4nde, ein Angebot f\u00fcr die Installation Ihrer neuen Ladebordwand oder etwas anderes?","og_url":"https:\/\/www.anteo.com\/de\/kontakt\/","og_site_name":"Anteo","article_modified_time":"2026-03-14T10:28:28+00:00","og_image":[{"width":512,"height":512,"url":"https:\/\/www.anteo.com\/wp-content\/uploads\/2021\/12\/cropped-ANTEO-logo-ico.png","type":"image\/png"}],"twitter_card":"summary_large_image","twitter_misc":{"Gesch\u00e4tzte Lesezeit":"1\u00a0Minute"},"schema":{"@context":"https:\/\/schema.org","@graph":[{"@type":"WebPage","@id":"https:\/\/www.anteo.com\/de\/kontakt\/","url":"https:\/\/www.anteo.com\/de\/kontakt\/","name":"Weitere Informationen \u00fcber Anteo-Ladebordw\u00e4nde","isPartOf":{"@id":"https:\/\/www.anteo.com\/it\/#website"},"datePublished":"2022-02-01T15:58:08+00:00","dateModified":"2026-03-14T10:28:28+00:00","description":"M\u00f6chten Sie weitere Informationen \u00fcber den Einsatz von Anteo-Ladebordw\u00e4nden? M\u00f6chten Sie weitere Informationen \u00fcber Anteo-Ladebordw\u00e4nde, ein Angebot f\u00fcr die Installation Ihrer neuen Ladebordwand oder etwas anderes?","breadcrumb":{"@id":"https:\/\/www.anteo.com\/de\/kontakt\/#breadcrumb"},"inLanguage":"de","potentialAction":[{"@type":"ReadAction","target":["https:\/\/www.anteo.com\/de\/kontakt\/"]}]},{"@type":"BreadcrumbList","@id":"https:\/\/www.anteo.com\/de\/kontakt\/#breadcrumb","itemListElement":[{"@type":"ListItem","position":1,"name":"Home","item":"https:\/\/www.anteo.com\/de\/"},{"@type":"ListItem","position":2,"name":"Contacts"}]},{"@type":"WebSite","@id":"https:\/\/www.anteo.com\/it\/#website","url":"https:\/\/www.anteo.com\/it\/","name":"Anteo","description":"","publisher":{"@id":"https:\/\/www.anteo.com\/it\/#organization"},"potentialAction":[{"@type":"SearchAction","target":{"@type":"EntryPoint","urlTemplate":"https:\/\/www.anteo.com\/it\/?s={search_term_string}"},"query-input":{"@type":"PropertyValueSpecification","valueRequired":true,"valueName":"search_term_string"}}],"inLanguage":"de"},{"@type":"Organization","@id":"https:\/\/www.anteo.com\/it\/#organization","name":"Anteo","url":"https:\/\/www.anteo.com\/it\/","logo":{"@type":"ImageObject","inLanguage":"de","@id":"https:\/\/www.anteo.com\/it\/#\/schema\/logo\/image\/","url":"https:\/\/www.anteo.com\/wp-content\/uploads\/2022\/01\/ANTEO-logo-1.png","contentUrl":"https:\/\/www.anteo.com\/wp-content\/uploads\/2022\/01\/ANTEO-logo-1.png","width":400,"height":125,"caption":"Anteo"},"image":{"@id":"https:\/\/www.anteo.com\/it\/#\/schema\/logo\/image\/"}}]}},"_links":{"self":[{"href":"https:\/\/www.anteo.com\/de\/wp-json\/wp\/v2\/pages\/12440","targetHints":{"allow":["GET"]}}],"collection":[{"href":"https:\/\/www.anteo.com\/de\/wp-json\/wp\/v2\/pages"}],"about":[{"href":"https:\/\/www.anteo.com\/de\/wp-json\/wp\/v2\/types\/page"}],"author":[{"embeddable":true,"href":"https:\/\/www.anteo.com\/de\/wp-json\/wp\/v2\/users\/2"}],"replies":[{"embeddable":true,"href":"https:\/\/www.anteo.com\/de\/wp-json\/wp\/v2\/comments?post=12440"}],"version-history":[{"count":6,"href":"https:\/\/www.anteo.com\/de\/wp-json\/wp\/v2\/pages\/12440\/revisions"}],"predecessor-version":[{"id":30183,"href":"https:\/\/www.anteo.com\/de\/wp-json\/wp\/v2\/pages\/12440\/revisions\/30183"}],"wp:attachment":[{"href":"https:\/\/www.anteo.com\/de\/wp-json\/wp\/v2\/media?parent=12440"}],"curies":[{"name":"wp","href":"https:\/\/api.w.org\/{rel}","templated":true}]}}