{"id":12554,"date":"2022-02-01T18:08:55","date_gmt":"2022-02-01T17:08:55","guid":{"rendered":"https:\/\/www.anteo.com\/?page_id=12554"},"modified":"2022-05-03T11:57:21","modified_gmt":"2022-05-03T09:57:21","slug":"hydraulische-rampen","status":"publish","type":"page","link":"https:\/\/www.anteo.com\/de\/produkte\/hydraulische-rampen\/","title":{"rendered":"Hydraulische Rampen"},"content":{"rendered":"\t\t<div data-elementor-type=\"wp-page\" data-elementor-id=\"12554\" class=\"elementor elementor-12554 elementor-2373\" data-elementor-post-type=\"page\">\n\t\t\t\t\t\t<section class=\"elementor-section elementor-top-section elementor-element elementor-element-850fb19 elementor-section-full_width elementor-section-height-default elementor-section-height-default\" data-id=\"850fb19\" data-element_type=\"section\" data-settings=\"{&quot;background_background&quot;:&quot;classic&quot;}\">\n\t\t\t\t\t\t<div class=\"elementor-container elementor-column-gap-default\">\n\t\t\t\t\t<div class=\"elementor-column elementor-col-100 elementor-top-column elementor-element elementor-element-7ee7b68\" data-id=\"7ee7b68\" data-element_type=\"column\" data-settings=\"{&quot;background_background&quot;:&quot;classic&quot;}\">\n\t\t\t<div class=\"elementor-widget-wrap elementor-element-populated\">\n\t\t\t\t\t\t<section class=\"elementor-section elementor-inner-section elementor-element elementor-element-30c21a6 elementor-section-full_width elementor-section-content-bottom elementor-section-height-default elementor-section-height-default\" data-id=\"30c21a6\" data-element_type=\"section\" data-settings=\"{&quot;background_background&quot;:&quot;classic&quot;}\">\n\t\t\t\t\t\t<div class=\"elementor-container elementor-column-gap-default\">\n\t\t\t\t\t<div class=\"elementor-column elementor-col-50 elementor-inner-column elementor-element elementor-element-12e32ab\" data-id=\"12e32ab\" data-element_type=\"column\">\n\t\t\t<div class=\"elementor-widget-wrap elementor-element-populated\">\n\t\t\t\t\t\t<div class=\"elementor-element elementor-element-5d32eaa elementor-hidden-desktop elementor-hidden-tablet elementor-widget elementor-widget-image\" data-id=\"5d32eaa\" data-element_type=\"widget\" data-widget_type=\"image.default\">\n\t\t\t\t<div class=\"elementor-widget-container\">\n\t\t\t<style>\/*! elementor - v3.19.0 - 07-02-2024 *\/\n.elementor-widget-image{text-align:center}.elementor-widget-image a{display:inline-block}.elementor-widget-image a img[src$=\".svg\"]{width:48px}.elementor-widget-image img{vertical-align:middle;display:inline-block}<\/style>\t\t\t\t\t\t\t\t\t\t<img fetchpriority=\"high\" decoding=\"async\" width=\"633\" height=\"198\" src=\"https:\/\/www.anteo.com\/wp-content\/uploads\/2022\/01\/Sponde-RAMPE-2.png\" class=\"attachment-large size-large wp-image-11007\" alt=\"\" srcset=\"https:\/\/www.anteo.com\/wp-content\/uploads\/2022\/01\/Sponde-RAMPE-2.png 633w, https:\/\/www.anteo.com\/wp-content\/uploads\/2022\/01\/Sponde-RAMPE-2-300x94.png 300w\" sizes=\"(max-width: 633px) 100vw, 633px\" \/>\t\t\t\t\t\t\t\t\t\t\t\t\t<\/div>\n\t\t\t\t<\/div>\n\t\t\t\t<div class=\"elementor-element elementor-element-179d0b8 elementor-widget elementor-widget-heading\" data-id=\"179d0b8\" data-element_type=\"widget\" data-widget_type=\"heading.default\">\n\t\t\t\t<div class=\"elementor-widget-container\">\n\t\t\t<style>\/*! elementor - v3.19.0 - 07-02-2024 *\/\n.elementor-heading-title{padding:0;margin:0;line-height:1}.elementor-widget-heading .elementor-heading-title[class*=elementor-size-]>a{color:inherit;font-size:inherit;line-height:inherit}.elementor-widget-heading .elementor-heading-title.elementor-size-small{font-size:15px}.elementor-widget-heading .elementor-heading-title.elementor-size-medium{font-size:19px}.elementor-widget-heading .elementor-heading-title.elementor-size-large{font-size:29px}.elementor-widget-heading .elementor-heading-title.elementor-size-xl{font-size:39px}.elementor-widget-heading .elementor-heading-title.elementor-size-xxl{font-size:59px}<\/style><h1 class=\"elementor-heading-title elementor-size-default\">Hydraulische Rampen<\/h1>\t\t<\/div>\n\t\t\t\t<\/div>\n\t\t\t\t\t<\/div>\n\t\t<\/div>\n\t\t\t\t<div class=\"elementor-column elementor-col-50 elementor-inner-column elementor-element elementor-element-ccf89b8 elementor-hidden-mobile\" data-id=\"ccf89b8\" data-element_type=\"column\" data-settings=\"{&quot;background_background&quot;:&quot;classic&quot;}\">\n\t\t\t<div class=\"elementor-widget-wrap\">\n\t\t\t\t\t\t\t<\/div>\n\t\t<\/div>\n\t\t\t\t\t<\/div>\n\t\t<\/section>\n\t\t\t\t\t<\/div>\n\t\t<\/div>\n\t\t\t\t\t<\/div>\n\t\t<\/section>\n\t\t\t\t<section class=\"elementor-section elementor-top-section elementor-element elementor-element-75505fe4 elementor-section-full_width elementor-section-height-default elementor-section-height-default\" data-id=\"75505fe4\" data-element_type=\"section\" data-settings=\"{&quot;background_background&quot;:&quot;classic&quot;}\">\n\t\t\t\t\t\t<div class=\"elementor-container elementor-column-gap-default\">\n\t\t\t\t\t<div class=\"elementor-column elementor-col-100 elementor-top-column elementor-element elementor-element-7b35feb9\" data-id=\"7b35feb9\" data-element_type=\"column\" data-settings=\"{&quot;background_background&quot;:&quot;classic&quot;}\">\n\t\t\t<div class=\"elementor-widget-wrap elementor-element-populated\">\n\t\t\t\t\t\t<section class=\"elementor-section elementor-inner-section elementor-element elementor-element-7a73db22 elementor-section-full_width elementor-section-height-default elementor-section-height-default\" data-id=\"7a73db22\" data-element_type=\"section\">\n\t\t\t\t\t\t<div class=\"elementor-container elementor-column-gap-custom\">\n\t\t\t\t\t<div class=\"elementor-column elementor-col-25 elementor-inner-column elementor-element elementor-element-15e19a1e\" data-id=\"15e19a1e\" data-element_type=\"column\" data-settings=\"{&quot;background_background&quot;:&quot;classic&quot;}\">\n\t\t\t<div class=\"elementor-widget-wrap elementor-element-populated\">\n\t\t\t\t\t\t<div class=\"elementor-element elementor-element-5358a12c elementor-position-top elementor-widget elementor-widget-image-box\" data-id=\"5358a12c\" data-element_type=\"widget\" data-widget_type=\"image-box.default\">\n\t\t\t\t<div class=\"elementor-widget-container\">\n\t\t\t<style>\/*! elementor - v3.19.0 - 07-02-2024 *\/\n.elementor-widget-image-box .elementor-image-box-content{width:100%}@media (min-width:768px){.elementor-widget-image-box.elementor-position-left .elementor-image-box-wrapper,.elementor-widget-image-box.elementor-position-right .elementor-image-box-wrapper{display:flex}.elementor-widget-image-box.elementor-position-right .elementor-image-box-wrapper{text-align:right;flex-direction:row-reverse}.elementor-widget-image-box.elementor-position-left .elementor-image-box-wrapper{text-align:left;flex-direction:row}.elementor-widget-image-box.elementor-position-top .elementor-image-box-img{margin:auto}.elementor-widget-image-box.elementor-vertical-align-top .elementor-image-box-wrapper{align-items:flex-start}.elementor-widget-image-box.elementor-vertical-align-middle .elementor-image-box-wrapper{align-items:center}.elementor-widget-image-box.elementor-vertical-align-bottom .elementor-image-box-wrapper{align-items:flex-end}}@media (max-width:767px){.elementor-widget-image-box .elementor-image-box-img{margin-left:auto!important;margin-right:auto!important;margin-bottom:15px}}.elementor-widget-image-box .elementor-image-box-img{display:inline-block}.elementor-widget-image-box .elementor-image-box-title a{color:inherit}.elementor-widget-image-box .elementor-image-box-wrapper{text-align:center}.elementor-widget-image-box .elementor-image-box-description{margin:0}<\/style><div class=\"elementor-image-box-wrapper\"><figure class=\"elementor-image-box-img\"><a href=\"https:\/\/www.anteo.com\/de\/produkte\/hydraulische-rampen\/f3ra\/\" tabindex=\"-1\"><img decoding=\"async\" width=\"1024\" height=\"1024\" src=\"https:\/\/www.anteo.com\/wp-content\/uploads\/2022\/01\/anteo_F3RA.jpg\" class=\"attachment-full size-full wp-image-2386\" alt=\"anteo_F3RA\" srcset=\"https:\/\/www.anteo.com\/wp-content\/uploads\/2022\/01\/anteo_F3RA.jpg 1024w, https:\/\/www.anteo.com\/wp-content\/uploads\/2022\/01\/anteo_F3RA-300x300.jpg 300w, https:\/\/www.anteo.com\/wp-content\/uploads\/2022\/01\/anteo_F3RA-150x150.jpg 150w, https:\/\/www.anteo.com\/wp-content\/uploads\/2022\/01\/anteo_F3RA-768x768.jpg 768w\" sizes=\"(max-width: 1024px) 100vw, 1024px\" \/><\/a><\/figure><div class=\"elementor-image-box-content\"><h3 class=\"elementor-image-box-title\"><a href=\"https:\/\/www.anteo.com\/de\/produkte\/hydraulische-rampen\/f3ra\/\">F3RA<\/a><\/h3><p class=\"elementor-image-box-description\"><b>capacity: 10000 kg.<\/b><br>Die vorgesehenen L\u00e4ngen von 3,600 mm und 4,000 mm erm\u00f6glichen eine stark eingeschr\u00e4nkte Neigung, und gew\u00e4hrleistet damit eine einfache Ladung von Maschinen, und Kraftfahrzeugen.<\/p><\/div><\/div>\t\t<\/div>\n\t\t\t\t<\/div>\n\t\t\t\t<div class=\"elementor-element elementor-element-1cf67128 elementor-align-left elementor-tablet-align-left elementor-widget elementor-widget-button\" data-id=\"1cf67128\" data-element_type=\"widget\" data-widget_type=\"button.default\">\n\t\t\t\t<div class=\"elementor-widget-container\">\n\t\t\t\t\t<div class=\"elementor-button-wrapper\">\n\t\t\t<a class=\"elementor-button elementor-button-link elementor-size-sm\" href=\"https:\/\/www.anteo.com\/de\/produkte\/hydraulische-rampen\/f3ra\/\">\n\t\t\t\t\t\t<span class=\"elementor-button-content-wrapper\">\n\t\t\t\t\t\t<span class=\"elementor-button-text\">Details<\/span>\n\t\t<\/span>\n\t\t\t\t\t<\/a>\n\t\t<\/div>\n\t\t\t\t<\/div>\n\t\t\t\t<\/div>\n\t\t\t\t\t<\/div>\n\t\t<\/div>\n\t\t\t\t<div class=\"elementor-column elementor-col-25 elementor-inner-column elementor-element elementor-element-9d3b376\" data-id=\"9d3b376\" data-element_type=\"column\" data-settings=\"{&quot;background_background&quot;:&quot;classic&quot;}\">\n\t\t\t<div class=\"elementor-widget-wrap\">\n\t\t\t\t\t\t\t<\/div>\n\t\t<\/div>\n\t\t\t\t<div class=\"elementor-column elementor-col-25 elementor-inner-column elementor-element elementor-element-5b085f66 elementor-hidden-tablet elementor-hidden-mobile\" data-id=\"5b085f66\" data-element_type=\"column\" data-settings=\"{&quot;background_background&quot;:&quot;classic&quot;}\">\n\t\t\t<div class=\"elementor-widget-wrap\">\n\t\t\t\t\t\t\t<\/div>\n\t\t<\/div>\n\t\t\t\t<div class=\"elementor-column elementor-col-25 elementor-inner-column elementor-element elementor-element-4c3cc71 elementor-hidden-tablet elementor-hidden-mobile\" data-id=\"4c3cc71\" data-element_type=\"column\" data-settings=\"{&quot;background_background&quot;:&quot;classic&quot;}\">\n\t\t\t<div class=\"elementor-widget-wrap\">\n\t\t\t\t\t\t\t<\/div>\n\t\t<\/div>\n\t\t\t\t\t<\/div>\n\t\t<\/section>\n\t\t\t\t\t<\/div>\n\t\t<\/div>\n\t\t\t\t\t<\/div>\n\t\t<\/section>\n\t\t\t\t<section class=\"elementor-section elementor-top-section elementor-element elementor-element-33285b5f elementor-section-full_width elementor-hidden-desktop elementor-hidden-tablet elementor-hidden-mobile elementor-section-height-default elementor-section-height-default\" data-id=\"33285b5f\" data-element_type=\"section\">\n\t\t\t\t\t\t<div class=\"elementor-container elementor-column-gap-default\">\n\t\t\t\t\t<div class=\"elementor-column elementor-col-50 elementor-top-column elementor-element elementor-element-33143aa6\" data-id=\"33143aa6\" data-element_type=\"column\" data-settings=\"{&quot;background_background&quot;:&quot;classic&quot;}\">\n\t\t\t<div class=\"elementor-widget-wrap elementor-element-populated\">\n\t\t\t\t\t\t<div class=\"elementor-element elementor-element-d9e9c52 elementor-widget elementor-widget-spacer\" data-id=\"d9e9c52\" data-element_type=\"widget\" data-widget_type=\"spacer.default\">\n\t\t\t\t<div class=\"elementor-widget-container\">\n\t\t\t<style>\/*! elementor - v3.19.0 - 07-02-2024 *\/\n.elementor-column .elementor-spacer-inner{height:var(--spacer-size)}.e-con{--container-widget-width:100%}.e-con-inner>.elementor-widget-spacer,.e-con>.elementor-widget-spacer{width:var(--container-widget-width,var(--spacer-size));--align-self:var(--container-widget-align-self,initial);--flex-shrink:0}.e-con-inner>.elementor-widget-spacer>.elementor-widget-container,.e-con>.elementor-widget-spacer>.elementor-widget-container{height:100%;width:100%}.e-con-inner>.elementor-widget-spacer>.elementor-widget-container>.elementor-spacer,.e-con>.elementor-widget-spacer>.elementor-widget-container>.elementor-spacer{height:100%}.e-con-inner>.elementor-widget-spacer>.elementor-widget-container>.elementor-spacer>.elementor-spacer-inner,.e-con>.elementor-widget-spacer>.elementor-widget-container>.elementor-spacer>.elementor-spacer-inner{height:var(--container-widget-height,var(--spacer-size))}.e-con-inner>.elementor-widget-spacer.elementor-widget-empty,.e-con>.elementor-widget-spacer.elementor-widget-empty{position:relative;min-height:22px;min-width:22px}.e-con-inner>.elementor-widget-spacer.elementor-widget-empty .elementor-widget-empty-icon,.e-con>.elementor-widget-spacer.elementor-widget-empty .elementor-widget-empty-icon{position:absolute;top:0;bottom:0;left:0;right:0;margin:auto;padding:0;width:22px;height:22px}<\/style>\t\t<div class=\"elementor-spacer\">\n\t\t\t<div class=\"elementor-spacer-inner\"><\/div>\n\t\t<\/div>\n\t\t\t\t<\/div>\n\t\t\t\t<\/div>\n\t\t\t\t\t<\/div>\n\t\t<\/div>\n\t\t\t\t<div class=\"elementor-column elementor-col-50 elementor-top-column elementor-element elementor-element-6970e436\" data-id=\"6970e436\" data-element_type=\"column\" data-settings=\"{&quot;background_background&quot;:&quot;classic&quot;}\">\n\t\t\t<div class=\"elementor-widget-wrap elementor-element-populated\">\n\t\t\t\t\t\t<div class=\"elementor-element elementor-element-4529777d elementor-widget elementor-widget-heading\" data-id=\"4529777d\" data-element_type=\"widget\" data-widget_type=\"heading.default\">\n\t\t\t\t<div class=\"elementor-widget-container\">\n\t\t\t<h6 class=\"elementor-heading-title elementor-size-default\">Aggiungi funzionalit\u00e0 alla tua sponda<\/h6>\t\t<\/div>\n\t\t\t\t<\/div>\n\t\t\t\t<div class=\"elementor-element elementor-element-cd61646 elementor-widget elementor-widget-heading\" data-id=\"cd61646\" data-element_type=\"widget\" data-widget_type=\"heading.default\">\n\t\t\t\t<div class=\"elementor-widget-container\">\n\t\t\t<h2 class=\"elementor-heading-title elementor-size-default\">Accessori per sponde idrauliche<\/h2>\t\t<\/div>\n\t\t\t\t<\/div>\n\t\t\t\t<div class=\"elementor-element elementor-element-4b30bf60 elementor-widget elementor-widget-text-editor\" data-id=\"4b30bf60\" data-element_type=\"widget\" data-widget_type=\"text-editor.default\">\n\t\t\t\t<div class=\"elementor-widget-container\">\n\t\t\t<style>\/*! elementor - v3.19.0 - 07-02-2024 *\/\n.elementor-widget-text-editor.elementor-drop-cap-view-stacked .elementor-drop-cap{background-color:#69727d;color:#fff}.elementor-widget-text-editor.elementor-drop-cap-view-framed .elementor-drop-cap{color:#69727d;border:3px solid;background-color:transparent}.elementor-widget-text-editor:not(.elementor-drop-cap-view-default) .elementor-drop-cap{margin-top:8px}.elementor-widget-text-editor:not(.elementor-drop-cap-view-default) .elementor-drop-cap-letter{width:1em;height:1em}.elementor-widget-text-editor .elementor-drop-cap{float:left;text-align:center;line-height:1;font-size:50px}.elementor-widget-text-editor .elementor-drop-cap-letter{display:inline-block}<\/style>\t\t\t\t<p>Le sponde Anteo prevedono, di serie, molteplici funzionalit\u00e0 che permettono un utilizzo agevole e sicuro delle sponde. Sono disponibili, su richiesta, una vasta gamma di accessori dedicati per migliorare le performance.<\/p>\t\t\t\t\t\t<\/div>\n\t\t\t\t<\/div>\n\t\t\t\t<div class=\"elementor-element elementor-element-2f962bf9 elementor-align-left elementor-tablet-align-left elementor-widget elementor-widget-button\" data-id=\"2f962bf9\" data-element_type=\"widget\" data-widget_type=\"button.default\">\n\t\t\t\t<div class=\"elementor-widget-container\">\n\t\t\t\t\t<div class=\"elementor-button-wrapper\">\n\t\t\t<a class=\"elementor-button elementor-button-link elementor-size-sm\" href=\"https:\/\/www.anteo.com\/de\/produkte\/optionen\/\">\n\t\t\t\t\t\t<span class=\"elementor-button-content-wrapper\">\n\t\t\t\t\t\t<span class=\"elementor-button-text\">Scopri gli accessori per sponde caricatrici<\/span>\n\t\t<\/span>\n\t\t\t\t\t<\/a>\n\t\t<\/div>\n\t\t\t\t<\/div>\n\t\t\t\t<\/div>\n\t\t\t\t\t<\/div>\n\t\t<\/div>\n\t\t\t\t\t<\/div>\n\t\t<\/section>\n\t\t\t\t<\/div>\n\t\t","protected":false},"excerpt":{"rendered":"<p>Hydraulische Rampen F3RA capacity: 10000 kg. Die vorgesehenen L\u00e4ngen von 3,600 mm und 4,000 mm erm\u00f6glichen eine stark eingeschr\u00e4nkte Neigung, und gew\u00e4hrleistet damit eine einfache Ladung von Maschinen, und Kraftfahrzeugen. Details Aggiungi funzionalit\u00e0 alla tua sponda Accessori per sponde idrauliche Le sponde Anteo prevedono, di serie, molteplici funzionalit\u00e0 che permettono un utilizzo agevole e sicuro [&hellip;]<\/p>\n","protected":false},"author":2,"featured_media":0,"parent":12188,"menu_order":0,"comment_status":"closed","ping_status":"closed","template":"","meta":{"footnotes":""},"class_list":["post-12554","page","type-page","status-publish","hentry"],"yoast_head":"<!-- This site is optimized with the Yoast SEO plugin v27.2 - https:\/\/yoast.com\/product\/yoast-seo-wordpress\/ -->\r\n<title>Lkw-Laderampen. Sicheres Beladen von Fahrzeugen und Lastkraftwagen<\/title>\r\n<meta name=\"description\" content=\"Laderampen sind die ideale L\u00f6sung f\u00fcr die sichere Beladung von Fahrzeugen und Lastwagen, die den Zugang vereinfacht und die Abl\u00e4ufe beschleunigt.\" \/>\r\n<meta name=\"robots\" content=\"index, follow, max-snippet:-1, max-image-preview:large, max-video-preview:-1\" \/>\r\n<link rel=\"canonical\" href=\"https:\/\/www.anteo.com\/de\/produkte\/hydraulische-rampen\/\" \/>\r\n<meta property=\"og:locale\" content=\"de_DE\" \/>\r\n<meta property=\"og:type\" content=\"article\" \/>\r\n<meta property=\"og:title\" content=\"Lkw-Laderampen. Sicheres Beladen von Fahrzeugen und Lastkraftwagen\" \/>\r\n<meta property=\"og:description\" content=\"Laderampen sind die ideale L\u00f6sung f\u00fcr die sichere Beladung von Fahrzeugen und Lastwagen, die den Zugang vereinfacht und die Abl\u00e4ufe beschleunigt.\" \/>\r\n<meta property=\"og:url\" content=\"https:\/\/www.anteo.com\/de\/produkte\/hydraulische-rampen\/\" \/>\r\n<meta property=\"og:site_name\" content=\"Anteo\" \/>\r\n<meta property=\"article:modified_time\" content=\"2022-05-03T09:57:21+00:00\" \/>\r\n<meta property=\"og:image\" content=\"https:\/\/www.anteo.com\/wp-content\/uploads\/2022\/01\/Sponde-RAMPE-2.png\" \/>\r\n<meta name=\"twitter:card\" content=\"summary_large_image\" \/>\r\n<meta name=\"twitter:label1\" content=\"Gesch\u00e4tzte Lesezeit\" \/>\n\t<meta name=\"twitter:data1\" content=\"1\u00a0Minute\" \/>\r\n<script type=\"application\/ld+json\" class=\"yoast-schema-graph\">{\"@context\":\"https:\/\/schema.org\",\"@graph\":[{\"@type\":\"WebPage\",\"@id\":\"https:\/\/www.anteo.com\/de\/produkte\/hydraulische-rampen\/\",\"url\":\"https:\/\/www.anteo.com\/de\/produkte\/hydraulische-rampen\/\",\"name\":\"Lkw-Laderampen. Sicheres Beladen von Fahrzeugen und Lastkraftwagen\",\"isPartOf\":{\"@id\":\"https:\/\/www.anteo.com\/it\/#website\"},\"primaryImageOfPage\":{\"@id\":\"https:\/\/www.anteo.com\/de\/produkte\/hydraulische-rampen\/#primaryimage\"},\"image\":{\"@id\":\"https:\/\/www.anteo.com\/de\/produkte\/hydraulische-rampen\/#primaryimage\"},\"thumbnailUrl\":\"https:\/\/www.anteo.com\/wp-content\/uploads\/2022\/01\/Sponde-RAMPE-2.png\",\"datePublished\":\"2022-02-01T17:08:55+00:00\",\"dateModified\":\"2022-05-03T09:57:21+00:00\",\"description\":\"Laderampen sind die ideale L\u00f6sung f\u00fcr die sichere Beladung von Fahrzeugen und Lastwagen, die den Zugang vereinfacht und die Abl\u00e4ufe beschleunigt.\",\"breadcrumb\":{\"@id\":\"https:\/\/www.anteo.com\/de\/produkte\/hydraulische-rampen\/#breadcrumb\"},\"inLanguage\":\"de\",\"potentialAction\":[{\"@type\":\"ReadAction\",\"target\":[\"https:\/\/www.anteo.com\/de\/produkte\/hydraulische-rampen\/\"]}]},{\"@type\":\"ImageObject\",\"inLanguage\":\"de\",\"@id\":\"https:\/\/www.anteo.com\/de\/produkte\/hydraulische-rampen\/#primaryimage\",\"url\":\"https:\/\/www.anteo.com\/wp-content\/uploads\/2022\/01\/Sponde-RAMPE-2.png\",\"contentUrl\":\"https:\/\/www.anteo.com\/wp-content\/uploads\/2022\/01\/Sponde-RAMPE-2.png\"},{\"@type\":\"BreadcrumbList\",\"@id\":\"https:\/\/www.anteo.com\/de\/produkte\/hydraulische-rampen\/#breadcrumb\",\"itemListElement\":[{\"@type\":\"ListItem\",\"position\":1,\"name\":\"Home\",\"item\":\"https:\/\/www.anteo.com\/de\/\"},{\"@type\":\"ListItem\",\"position\":2,\"name\":\"Produkte\",\"item\":\"https:\/\/www.anteo.com\/de\/produkte\/\"},{\"@type\":\"ListItem\",\"position\":3,\"name\":\"Hydraulische Rampen\"}]},{\"@type\":\"WebSite\",\"@id\":\"https:\/\/www.anteo.com\/it\/#website\",\"url\":\"https:\/\/www.anteo.com\/it\/\",\"name\":\"Anteo\",\"description\":\"\",\"publisher\":{\"@id\":\"https:\/\/www.anteo.com\/it\/#organization\"},\"potentialAction\":[{\"@type\":\"SearchAction\",\"target\":{\"@type\":\"EntryPoint\",\"urlTemplate\":\"https:\/\/www.anteo.com\/it\/?s={search_term_string}\"},\"query-input\":{\"@type\":\"PropertyValueSpecification\",\"valueRequired\":true,\"valueName\":\"search_term_string\"}}],\"inLanguage\":\"de\"},{\"@type\":\"Organization\",\"@id\":\"https:\/\/www.anteo.com\/it\/#organization\",\"name\":\"Anteo\",\"url\":\"https:\/\/www.anteo.com\/it\/\",\"logo\":{\"@type\":\"ImageObject\",\"inLanguage\":\"de\",\"@id\":\"https:\/\/www.anteo.com\/it\/#\/schema\/logo\/image\/\",\"url\":\"https:\/\/www.anteo.com\/wp-content\/uploads\/2022\/01\/ANTEO-logo-1.png\",\"contentUrl\":\"https:\/\/www.anteo.com\/wp-content\/uploads\/2022\/01\/ANTEO-logo-1.png\",\"width\":400,\"height\":125,\"caption\":\"Anteo\"},\"image\":{\"@id\":\"https:\/\/www.anteo.com\/it\/#\/schema\/logo\/image\/\"}}]}<\/script>\r\n<!-- \/ Yoast SEO plugin. -->","yoast_head_json":{"title":"Lkw-Laderampen. Sicheres Beladen von Fahrzeugen und Lastkraftwagen","description":"Laderampen sind die ideale L\u00f6sung f\u00fcr die sichere Beladung von Fahrzeugen und Lastwagen, die den Zugang vereinfacht und die Abl\u00e4ufe beschleunigt.","robots":{"index":"index","follow":"follow","max-snippet":"max-snippet:-1","max-image-preview":"max-image-preview:large","max-video-preview":"max-video-preview:-1"},"canonical":"https:\/\/www.anteo.com\/de\/produkte\/hydraulische-rampen\/","og_locale":"de_DE","og_type":"article","og_title":"Lkw-Laderampen. Sicheres Beladen von Fahrzeugen und Lastkraftwagen","og_description":"Laderampen sind die ideale L\u00f6sung f\u00fcr die sichere Beladung von Fahrzeugen und Lastwagen, die den Zugang vereinfacht und die Abl\u00e4ufe beschleunigt.","og_url":"https:\/\/www.anteo.com\/de\/produkte\/hydraulische-rampen\/","og_site_name":"Anteo","article_modified_time":"2022-05-03T09:57:21+00:00","og_image":[{"url":"https:\/\/www.anteo.com\/wp-content\/uploads\/2022\/01\/Sponde-RAMPE-2.png","type":"","width":"","height":""}],"twitter_card":"summary_large_image","twitter_misc":{"Gesch\u00e4tzte Lesezeit":"1\u00a0Minute"},"schema":{"@context":"https:\/\/schema.org","@graph":[{"@type":"WebPage","@id":"https:\/\/www.anteo.com\/de\/produkte\/hydraulische-rampen\/","url":"https:\/\/www.anteo.com\/de\/produkte\/hydraulische-rampen\/","name":"Lkw-Laderampen. Sicheres Beladen von Fahrzeugen und Lastkraftwagen","isPartOf":{"@id":"https:\/\/www.anteo.com\/it\/#website"},"primaryImageOfPage":{"@id":"https:\/\/www.anteo.com\/de\/produkte\/hydraulische-rampen\/#primaryimage"},"image":{"@id":"https:\/\/www.anteo.com\/de\/produkte\/hydraulische-rampen\/#primaryimage"},"thumbnailUrl":"https:\/\/www.anteo.com\/wp-content\/uploads\/2022\/01\/Sponde-RAMPE-2.png","datePublished":"2022-02-01T17:08:55+00:00","dateModified":"2022-05-03T09:57:21+00:00","description":"Laderampen sind die ideale L\u00f6sung f\u00fcr die sichere Beladung von Fahrzeugen und Lastwagen, die den Zugang vereinfacht und die Abl\u00e4ufe beschleunigt.","breadcrumb":{"@id":"https:\/\/www.anteo.com\/de\/produkte\/hydraulische-rampen\/#breadcrumb"},"inLanguage":"de","potentialAction":[{"@type":"ReadAction","target":["https:\/\/www.anteo.com\/de\/produkte\/hydraulische-rampen\/"]}]},{"@type":"ImageObject","inLanguage":"de","@id":"https:\/\/www.anteo.com\/de\/produkte\/hydraulische-rampen\/#primaryimage","url":"https:\/\/www.anteo.com\/wp-content\/uploads\/2022\/01\/Sponde-RAMPE-2.png","contentUrl":"https:\/\/www.anteo.com\/wp-content\/uploads\/2022\/01\/Sponde-RAMPE-2.png"},{"@type":"BreadcrumbList","@id":"https:\/\/www.anteo.com\/de\/produkte\/hydraulische-rampen\/#breadcrumb","itemListElement":[{"@type":"ListItem","position":1,"name":"Home","item":"https:\/\/www.anteo.com\/de\/"},{"@type":"ListItem","position":2,"name":"Produkte","item":"https:\/\/www.anteo.com\/de\/produkte\/"},{"@type":"ListItem","position":3,"name":"Hydraulische Rampen"}]},{"@type":"WebSite","@id":"https:\/\/www.anteo.com\/it\/#website","url":"https:\/\/www.anteo.com\/it\/","name":"Anteo","description":"","publisher":{"@id":"https:\/\/www.anteo.com\/it\/#organization"},"potentialAction":[{"@type":"SearchAction","target":{"@type":"EntryPoint","urlTemplate":"https:\/\/www.anteo.com\/it\/?s={search_term_string}"},"query-input":{"@type":"PropertyValueSpecification","valueRequired":true,"valueName":"search_term_string"}}],"inLanguage":"de"},{"@type":"Organization","@id":"https:\/\/www.anteo.com\/it\/#organization","name":"Anteo","url":"https:\/\/www.anteo.com\/it\/","logo":{"@type":"ImageObject","inLanguage":"de","@id":"https:\/\/www.anteo.com\/it\/#\/schema\/logo\/image\/","url":"https:\/\/www.anteo.com\/wp-content\/uploads\/2022\/01\/ANTEO-logo-1.png","contentUrl":"https:\/\/www.anteo.com\/wp-content\/uploads\/2022\/01\/ANTEO-logo-1.png","width":400,"height":125,"caption":"Anteo"},"image":{"@id":"https:\/\/www.anteo.com\/it\/#\/schema\/logo\/image\/"}}]}},"_links":{"self":[{"href":"https:\/\/www.anteo.com\/de\/wp-json\/wp\/v2\/pages\/12554","targetHints":{"allow":["GET"]}}],"collection":[{"href":"https:\/\/www.anteo.com\/de\/wp-json\/wp\/v2\/pages"}],"about":[{"href":"https:\/\/www.anteo.com\/de\/wp-json\/wp\/v2\/types\/page"}],"author":[{"embeddable":true,"href":"https:\/\/www.anteo.com\/de\/wp-json\/wp\/v2\/users\/2"}],"replies":[{"embeddable":true,"href":"https:\/\/www.anteo.com\/de\/wp-json\/wp\/v2\/comments?post=12554"}],"version-history":[{"count":0,"href":"https:\/\/www.anteo.com\/de\/wp-json\/wp\/v2\/pages\/12554\/revisions"}],"up":[{"embeddable":true,"href":"https:\/\/www.anteo.com\/de\/wp-json\/wp\/v2\/pages\/12188"}],"wp:attachment":[{"href":"https:\/\/www.anteo.com\/de\/wp-json\/wp\/v2\/media?parent=12554"}],"curies":[{"name":"wp","href":"https:\/\/api.w.org\/{rel}","templated":true}]}}