{"id":14484,"date":"2022-02-07T10:26:27","date_gmt":"2022-02-07T09:26:27","guid":{"rendered":"https:\/\/www.anteo.com\/?page_id=14484"},"modified":"2022-09-08T18:09:13","modified_gmt":"2022-09-08T16:09:13","slug":"anteo-a-travers-le-monde","status":"publish","type":"page","link":"https:\/\/www.anteo.com\/fr\/centres-de-service\/anteo-a-travers-le-monde\/","title":{"rendered":"Anteo \u00e0 travers le monde"},"content":{"rendered":"\t\t<div data-elementor-type=\"wp-page\" data-elementor-id=\"14484\" class=\"elementor elementor-14484 elementor-5532\" data-elementor-post-type=\"page\">\n\t\t\t\t\t\t<section class=\"elementor-section elementor-top-section elementor-element elementor-element-ba57732 elementor-section-full_width elementor-section-height-default elementor-section-height-default\" data-id=\"ba57732\" data-element_type=\"section\" data-settings=\"{&quot;background_background&quot;:&quot;classic&quot;}\">\n\t\t\t\t\t\t<div class=\"elementor-container elementor-column-gap-default\">\n\t\t\t\t\t<div class=\"elementor-column elementor-col-100 elementor-top-column elementor-element elementor-element-188f629\" data-id=\"188f629\" data-element_type=\"column\">\n\t\t\t<div class=\"elementor-widget-wrap elementor-element-populated\">\n\t\t\t\t\t\t<div class=\"elementor-element elementor-element-91f8566 elementor-widget elementor-widget-heading\" data-id=\"91f8566\" data-element_type=\"widget\" data-widget_type=\"heading.default\">\n\t\t\t\t<div class=\"elementor-widget-container\">\n\t\t\t<style>\/*! elementor - v3.19.0 - 07-02-2024 *\/\n.elementor-heading-title{padding:0;margin:0;line-height:1}.elementor-widget-heading .elementor-heading-title[class*=elementor-size-]>a{color:inherit;font-size:inherit;line-height:inherit}.elementor-widget-heading .elementor-heading-title.elementor-size-small{font-size:15px}.elementor-widget-heading .elementor-heading-title.elementor-size-medium{font-size:19px}.elementor-widget-heading .elementor-heading-title.elementor-size-large{font-size:29px}.elementor-widget-heading .elementor-heading-title.elementor-size-xl{font-size:39px}.elementor-widget-heading .elementor-heading-title.elementor-size-xxl{font-size:59px}<\/style><h2 class=\"elementor-heading-title elementor-size-default\">Anteo \u00e0 travers le monde<\/h2>\t\t<\/div>\n\t\t\t\t<\/div>\n\t\t\t\t\t<\/div>\n\t\t<\/div>\n\t\t\t\t\t<\/div>\n\t\t<\/section>\n\t\t\t\t<\/div>\n\t\t","protected":false},"excerpt":{"rendered":"<p>Anteo \u00e0 travers le monde<\/p>\n","protected":false},"author":2,"featured_media":0,"parent":18644,"menu_order":0,"comment_status":"closed","ping_status":"closed","template":"test.php","meta":{"footnotes":""},"class_list":["post-14484","page","type-page","status-publish","hentry"],"yoast_head":"<!-- This site is optimized with the Yoast SEO plugin v27.2 - https:\/\/yoast.com\/product\/yoast-seo-wordpress\/ -->\r\n<title>Anteo dans le monde, Centres de service pour les hayons \u00e9l\u00e9vateurs et les chargeuses<\/title>\r\n<meta name=\"description\" content=\"Anteo dans le monde, Centres de service et d&#039;assistance pour les hayons \u00e9l\u00e9vateurs. Pr\u00e9sentoirs sp\u00e9ciaux Anteo, pr\u00e9sentoirs commerciaux, pr\u00e9sentoirs basculants, pr\u00e9sentoirs \u00e0 colonnes, pr\u00e9sentoirs pliables, pr\u00e9sentoirs r\u00e9tractables, pr\u00e9sentoirs \u00e0 rampe, pr\u00e9sentoirs pour handicap\u00e9s.\" \/>\r\n<meta name=\"robots\" content=\"index, follow, max-snippet:-1, max-image-preview:large, max-video-preview:-1\" \/>\r\n<link rel=\"canonical\" href=\"https:\/\/www.anteo.com\/fr\/centres-de-service\/anteo-a-travers-le-monde\/\" \/>\r\n<meta property=\"og:locale\" content=\"fr_FR\" \/>\r\n<meta property=\"og:type\" content=\"article\" \/>\r\n<meta property=\"og:title\" content=\"Anteo dans le monde, Centres de service pour les hayons \u00e9l\u00e9vateurs et les chargeuses\" \/>\r\n<meta property=\"og:description\" content=\"Anteo dans le monde, Centres de service et d&#039;assistance pour les hayons \u00e9l\u00e9vateurs. Pr\u00e9sentoirs sp\u00e9ciaux Anteo, pr\u00e9sentoirs commerciaux, pr\u00e9sentoirs basculants, pr\u00e9sentoirs \u00e0 colonnes, pr\u00e9sentoirs pliables, pr\u00e9sentoirs r\u00e9tractables, pr\u00e9sentoirs \u00e0 rampe, pr\u00e9sentoirs pour handicap\u00e9s.\" \/>\r\n<meta property=\"og:url\" content=\"https:\/\/www.anteo.com\/fr\/centres-de-service\/anteo-a-travers-le-monde\/\" \/>\r\n<meta property=\"og:site_name\" content=\"Anteo\" \/>\r\n<meta property=\"article:modified_time\" content=\"2022-09-08T16:09:13+00:00\" \/>\r\n<meta property=\"og:image\" content=\"https:\/\/www.anteo.com\/wp-content\/uploads\/2021\/12\/cropped-ANTEO-logo-ico.png\" \/>\r\n\t<meta property=\"og:image:width\" content=\"512\" \/>\r\n\t<meta property=\"og:image:height\" content=\"512\" \/>\r\n\t<meta property=\"og:image:type\" content=\"image\/png\" \/>\r\n<meta name=\"twitter:card\" content=\"summary_large_image\" \/>\r\n<meta name=\"twitter:label1\" content=\"Dur\u00e9e de lecture estim\u00e9e\" \/>\n\t<meta name=\"twitter:data1\" content=\"1 minute\" \/>\r\n<script type=\"application\/ld+json\" class=\"yoast-schema-graph\">{\"@context\":\"https:\/\/schema.org\",\"@graph\":[{\"@type\":\"WebPage\",\"@id\":\"https:\/\/www.anteo.com\/fr\/centres-de-service\/anteo-a-travers-le-monde\/\",\"url\":\"https:\/\/www.anteo.com\/fr\/centres-de-service\/anteo-a-travers-le-monde\/\",\"name\":\"Anteo dans le monde, Centres de service pour les hayons \u00e9l\u00e9vateurs et les chargeuses\",\"isPartOf\":{\"@id\":\"https:\/\/www.anteo.com\/it\/#website\"},\"datePublished\":\"2022-02-07T09:26:27+00:00\",\"dateModified\":\"2022-09-08T16:09:13+00:00\",\"description\":\"Anteo dans le monde, Centres de service et d'assistance pour les hayons \u00e9l\u00e9vateurs. Pr\u00e9sentoirs sp\u00e9ciaux Anteo, pr\u00e9sentoirs commerciaux, pr\u00e9sentoirs basculants, pr\u00e9sentoirs \u00e0 colonnes, pr\u00e9sentoirs pliables, pr\u00e9sentoirs r\u00e9tractables, pr\u00e9sentoirs \u00e0 rampe, pr\u00e9sentoirs pour handicap\u00e9s.\",\"breadcrumb\":{\"@id\":\"https:\/\/www.anteo.com\/fr\/centres-de-service\/anteo-a-travers-le-monde\/#breadcrumb\"},\"inLanguage\":\"fr-FR\",\"potentialAction\":[{\"@type\":\"ReadAction\",\"target\":[\"https:\/\/www.anteo.com\/fr\/centres-de-service\/anteo-a-travers-le-monde\/\"]}]},{\"@type\":\"BreadcrumbList\",\"@id\":\"https:\/\/www.anteo.com\/fr\/centres-de-service\/anteo-a-travers-le-monde\/#breadcrumb\",\"itemListElement\":[{\"@type\":\"ListItem\",\"position\":1,\"name\":\"Home\",\"item\":\"https:\/\/www.anteo.com\/fr\/\"},{\"@type\":\"ListItem\",\"position\":2,\"name\":\"service et d&#8217;assistance\",\"item\":\"https:\/\/www.anteo.com\/fr\/centres-de-service\/\"},{\"@type\":\"ListItem\",\"position\":3,\"name\":\"Anteo \u00e0 travers le monde\"}]},{\"@type\":\"WebSite\",\"@id\":\"https:\/\/www.anteo.com\/it\/#website\",\"url\":\"https:\/\/www.anteo.com\/it\/\",\"name\":\"Anteo\",\"description\":\"\",\"publisher\":{\"@id\":\"https:\/\/www.anteo.com\/it\/#organization\"},\"potentialAction\":[{\"@type\":\"SearchAction\",\"target\":{\"@type\":\"EntryPoint\",\"urlTemplate\":\"https:\/\/www.anteo.com\/it\/?s={search_term_string}\"},\"query-input\":{\"@type\":\"PropertyValueSpecification\",\"valueRequired\":true,\"valueName\":\"search_term_string\"}}],\"inLanguage\":\"fr-FR\"},{\"@type\":\"Organization\",\"@id\":\"https:\/\/www.anteo.com\/it\/#organization\",\"name\":\"Anteo\",\"url\":\"https:\/\/www.anteo.com\/it\/\",\"logo\":{\"@type\":\"ImageObject\",\"inLanguage\":\"fr-FR\",\"@id\":\"https:\/\/www.anteo.com\/it\/#\/schema\/logo\/image\/\",\"url\":\"https:\/\/www.anteo.com\/wp-content\/uploads\/2022\/01\/ANTEO-logo-1.png\",\"contentUrl\":\"https:\/\/www.anteo.com\/wp-content\/uploads\/2022\/01\/ANTEO-logo-1.png\",\"width\":400,\"height\":125,\"caption\":\"Anteo\"},\"image\":{\"@id\":\"https:\/\/www.anteo.com\/it\/#\/schema\/logo\/image\/\"}}]}<\/script>\r\n<!-- \/ Yoast SEO plugin. -->","yoast_head_json":{"title":"Anteo dans le monde, Centres de service pour les hayons \u00e9l\u00e9vateurs et les chargeuses","description":"Anteo dans le monde, Centres de service et d'assistance pour les hayons \u00e9l\u00e9vateurs. Pr\u00e9sentoirs sp\u00e9ciaux Anteo, pr\u00e9sentoirs commerciaux, pr\u00e9sentoirs basculants, pr\u00e9sentoirs \u00e0 colonnes, pr\u00e9sentoirs pliables, pr\u00e9sentoirs r\u00e9tractables, pr\u00e9sentoirs \u00e0 rampe, pr\u00e9sentoirs pour handicap\u00e9s.","robots":{"index":"index","follow":"follow","max-snippet":"max-snippet:-1","max-image-preview":"max-image-preview:large","max-video-preview":"max-video-preview:-1"},"canonical":"https:\/\/www.anteo.com\/fr\/centres-de-service\/anteo-a-travers-le-monde\/","og_locale":"fr_FR","og_type":"article","og_title":"Anteo dans le monde, Centres de service pour les hayons \u00e9l\u00e9vateurs et les chargeuses","og_description":"Anteo dans le monde, Centres de service et d'assistance pour les hayons \u00e9l\u00e9vateurs. Pr\u00e9sentoirs sp\u00e9ciaux Anteo, pr\u00e9sentoirs commerciaux, pr\u00e9sentoirs basculants, pr\u00e9sentoirs \u00e0 colonnes, pr\u00e9sentoirs pliables, pr\u00e9sentoirs r\u00e9tractables, pr\u00e9sentoirs \u00e0 rampe, pr\u00e9sentoirs pour handicap\u00e9s.","og_url":"https:\/\/www.anteo.com\/fr\/centres-de-service\/anteo-a-travers-le-monde\/","og_site_name":"Anteo","article_modified_time":"2022-09-08T16:09:13+00:00","og_image":[{"width":512,"height":512,"url":"https:\/\/www.anteo.com\/wp-content\/uploads\/2021\/12\/cropped-ANTEO-logo-ico.png","type":"image\/png"}],"twitter_card":"summary_large_image","twitter_misc":{"Dur\u00e9e de lecture estim\u00e9e":"1 minute"},"schema":{"@context":"https:\/\/schema.org","@graph":[{"@type":"WebPage","@id":"https:\/\/www.anteo.com\/fr\/centres-de-service\/anteo-a-travers-le-monde\/","url":"https:\/\/www.anteo.com\/fr\/centres-de-service\/anteo-a-travers-le-monde\/","name":"Anteo dans le monde, Centres de service pour les hayons \u00e9l\u00e9vateurs et les chargeuses","isPartOf":{"@id":"https:\/\/www.anteo.com\/it\/#website"},"datePublished":"2022-02-07T09:26:27+00:00","dateModified":"2022-09-08T16:09:13+00:00","description":"Anteo dans le monde, Centres de service et d'assistance pour les hayons \u00e9l\u00e9vateurs. Pr\u00e9sentoirs sp\u00e9ciaux Anteo, pr\u00e9sentoirs commerciaux, pr\u00e9sentoirs basculants, pr\u00e9sentoirs \u00e0 colonnes, pr\u00e9sentoirs pliables, pr\u00e9sentoirs r\u00e9tractables, pr\u00e9sentoirs \u00e0 rampe, pr\u00e9sentoirs pour handicap\u00e9s.","breadcrumb":{"@id":"https:\/\/www.anteo.com\/fr\/centres-de-service\/anteo-a-travers-le-monde\/#breadcrumb"},"inLanguage":"fr-FR","potentialAction":[{"@type":"ReadAction","target":["https:\/\/www.anteo.com\/fr\/centres-de-service\/anteo-a-travers-le-monde\/"]}]},{"@type":"BreadcrumbList","@id":"https:\/\/www.anteo.com\/fr\/centres-de-service\/anteo-a-travers-le-monde\/#breadcrumb","itemListElement":[{"@type":"ListItem","position":1,"name":"Home","item":"https:\/\/www.anteo.com\/fr\/"},{"@type":"ListItem","position":2,"name":"service et d&#8217;assistance","item":"https:\/\/www.anteo.com\/fr\/centres-de-service\/"},{"@type":"ListItem","position":3,"name":"Anteo \u00e0 travers le monde"}]},{"@type":"WebSite","@id":"https:\/\/www.anteo.com\/it\/#website","url":"https:\/\/www.anteo.com\/it\/","name":"Anteo","description":"","publisher":{"@id":"https:\/\/www.anteo.com\/it\/#organization"},"potentialAction":[{"@type":"SearchAction","target":{"@type":"EntryPoint","urlTemplate":"https:\/\/www.anteo.com\/it\/?s={search_term_string}"},"query-input":{"@type":"PropertyValueSpecification","valueRequired":true,"valueName":"search_term_string"}}],"inLanguage":"fr-FR"},{"@type":"Organization","@id":"https:\/\/www.anteo.com\/it\/#organization","name":"Anteo","url":"https:\/\/www.anteo.com\/it\/","logo":{"@type":"ImageObject","inLanguage":"fr-FR","@id":"https:\/\/www.anteo.com\/it\/#\/schema\/logo\/image\/","url":"https:\/\/www.anteo.com\/wp-content\/uploads\/2022\/01\/ANTEO-logo-1.png","contentUrl":"https:\/\/www.anteo.com\/wp-content\/uploads\/2022\/01\/ANTEO-logo-1.png","width":400,"height":125,"caption":"Anteo"},"image":{"@id":"https:\/\/www.anteo.com\/it\/#\/schema\/logo\/image\/"}}]}},"_links":{"self":[{"href":"https:\/\/www.anteo.com\/fr\/wp-json\/wp\/v2\/pages\/14484","targetHints":{"allow":["GET"]}}],"collection":[{"href":"https:\/\/www.anteo.com\/fr\/wp-json\/wp\/v2\/pages"}],"about":[{"href":"https:\/\/www.anteo.com\/fr\/wp-json\/wp\/v2\/types\/page"}],"author":[{"embeddable":true,"href":"https:\/\/www.anteo.com\/fr\/wp-json\/wp\/v2\/users\/2"}],"replies":[{"embeddable":true,"href":"https:\/\/www.anteo.com\/fr\/wp-json\/wp\/v2\/comments?post=14484"}],"version-history":[{"count":0,"href":"https:\/\/www.anteo.com\/fr\/wp-json\/wp\/v2\/pages\/14484\/revisions"}],"up":[{"embeddable":true,"href":"https:\/\/www.anteo.com\/fr\/wp-json\/wp\/v2\/pages\/18644"}],"wp:attachment":[{"href":"https:\/\/www.anteo.com\/fr\/wp-json\/wp\/v2\/media?parent=14484"}],"curies":[{"name":"wp","href":"https:\/\/api.w.org\/{rel}","templated":true}]}}