{"id":5670,"date":"2022-01-18T12:58:35","date_gmt":"2022-01-18T11:58:35","guid":{"rendered":"https:\/\/www.anteo.com\/?page_id=5670"},"modified":"2022-07-13T16:39:40","modified_gmt":"2022-07-13T14:39:40","slug":"contatti","status":"publish","type":"page","link":"https:\/\/www.anteo.com\/it\/contatti\/","title":{"rendered":"Contatti"},"content":{"rendered":"\t\t<div data-elementor-type=\"wp-page\" data-elementor-id=\"5670\" class=\"elementor elementor-5670\" data-elementor-post-type=\"page\">\n\t\t\t\t\t\t<section class=\"elementor-section elementor-top-section elementor-element elementor-element-8a58027 elementor-section-full_width elementor-section-height-min-height elementor-section-height-default elementor-section-items-middle\" data-id=\"8a58027\" data-element_type=\"section\" data-settings=\"{&quot;background_background&quot;:&quot;classic&quot;}\">\n\t\t\t\t\t\t\t<div class=\"elementor-background-overlay\"><\/div>\n\t\t\t\t\t\t\t<div class=\"elementor-container elementor-column-gap-default\">\n\t\t\t\t\t<div class=\"elementor-column elementor-col-50 elementor-top-column elementor-element elementor-element-1eaa5af2\" data-id=\"1eaa5af2\" data-element_type=\"column\" data-settings=\"{&quot;background_background&quot;:&quot;classic&quot;}\">\n\t\t\t<div class=\"elementor-widget-wrap elementor-element-populated\">\n\t\t\t\t\t\t<div class=\"elementor-element elementor-element-8146cf1 elementor-widget elementor-widget-heading\" data-id=\"8146cf1\" data-element_type=\"widget\" data-widget_type=\"heading.default\">\n\t\t\t\t<div class=\"elementor-widget-container\">\n\t\t\t<style>\/*! elementor - v3.19.0 - 07-02-2024 *\/\n.elementor-heading-title{padding:0;margin:0;line-height:1}.elementor-widget-heading .elementor-heading-title[class*=elementor-size-]>a{color:inherit;font-size:inherit;line-height:inherit}.elementor-widget-heading .elementor-heading-title.elementor-size-small{font-size:15px}.elementor-widget-heading .elementor-heading-title.elementor-size-medium{font-size:19px}.elementor-widget-heading .elementor-heading-title.elementor-size-large{font-size:29px}.elementor-widget-heading .elementor-heading-title.elementor-size-xl{font-size:39px}.elementor-widget-heading .elementor-heading-title.elementor-size-xxl{font-size:59px}<\/style><h1 class=\"elementor-heading-title elementor-size-default\">Vuoi maggiori informazioni? <br> Contatta Anteo<\/h1>\t\t<\/div>\n\t\t\t\t<\/div>\n\t\t\t\t<div class=\"elementor-element elementor-element-3e7fa82 elementor-widget elementor-widget-text-editor\" data-id=\"3e7fa82\" data-element_type=\"widget\" data-widget_type=\"text-editor.default\">\n\t\t\t\t<div class=\"elementor-widget-container\">\n\t\t\t<style>\/*! elementor - v3.19.0 - 07-02-2024 *\/\n.elementor-widget-text-editor.elementor-drop-cap-view-stacked .elementor-drop-cap{background-color:#69727d;color:#fff}.elementor-widget-text-editor.elementor-drop-cap-view-framed .elementor-drop-cap{color:#69727d;border:3px solid;background-color:transparent}.elementor-widget-text-editor:not(.elementor-drop-cap-view-default) .elementor-drop-cap{margin-top:8px}.elementor-widget-text-editor:not(.elementor-drop-cap-view-default) .elementor-drop-cap-letter{width:1em;height:1em}.elementor-widget-text-editor .elementor-drop-cap{float:left;text-align:center;line-height:1;font-size:50px}.elementor-widget-text-editor .elementor-drop-cap-letter{display:inline-block}<\/style>\t\t\t\t<p>Vuoi avere maggiori informazioni sulle sponde caricatrici Anteo, un preventivo per installare la tua nuova sponda o altro?<\/p>\t\t\t\t\t\t<\/div>\n\t\t\t\t<\/div>\n\t\t\t\t\t<\/div>\n\t\t<\/div>\n\t\t\t\t<div class=\"elementor-column elementor-col-50 elementor-top-column elementor-element elementor-element-cb1d839 elementor-hidden-tablet elementor-hidden-mobile\" data-id=\"cb1d839\" data-element_type=\"column\" data-settings=\"{&quot;background_background&quot;:&quot;classic&quot;}\">\n\t\t\t<div class=\"elementor-widget-wrap\">\n\t\t\t\t\t\t\t<\/div>\n\t\t<\/div>\n\t\t\t\t\t<\/div>\n\t\t<\/section>\n\t\t\t\t<section class=\"elementor-section elementor-top-section elementor-element elementor-element-133949ea elementor-section-full_width elementor-section-height-default elementor-section-height-default\" data-id=\"133949ea\" data-element_type=\"section\" data-settings=\"{&quot;background_background&quot;:&quot;classic&quot;}\">\n\t\t\t\t\t\t<div class=\"elementor-container elementor-column-gap-default\">\n\t\t\t\t\t<div class=\"elementor-column elementor-col-100 elementor-top-column elementor-element elementor-element-345f8d94\" data-id=\"345f8d94\" data-element_type=\"column\">\n\t\t\t<div class=\"elementor-widget-wrap elementor-element-populated\">\n\t\t\t\t\t\t<section class=\"elementor-section elementor-inner-section elementor-element elementor-element-66a9fb02 elementor-section-full_width elementor-section-height-default elementor-section-height-default\" data-id=\"66a9fb02\" data-element_type=\"section\">\n\t\t\t\t\t\t<div class=\"elementor-container elementor-column-gap-no\">\n\t\t\t\t\t<div class=\"elementor-column elementor-col-50 elementor-inner-column elementor-element elementor-element-58f9b8\" data-id=\"58f9b8\" data-element_type=\"column\">\n\t\t\t<div class=\"elementor-widget-wrap elementor-element-populated\">\n\t\t\t\t\t\t<div class=\"elementor-element elementor-element-16fe8f6 elementor-widget elementor-widget-heading\" data-id=\"16fe8f6\" data-element_type=\"widget\" data-widget_type=\"heading.default\">\n\t\t\t\t<div class=\"elementor-widget-container\">\n\t\t\t<h3 class=\"elementor-heading-title elementor-size-default\">Anteo S.p.a. <br>Sponde caricatrici Made in Italy <\/h3>\t\t<\/div>\n\t\t\t\t<\/div>\n\t\t\t\t<div class=\"elementor-element elementor-element-26f1215 elementor-tablet-align-center elementor-mobile-align-left elementor-icon-list--layout-traditional elementor-list-item-link-full_width elementor-widget elementor-widget-icon-list\" data-id=\"26f1215\" data-element_type=\"widget\" data-widget_type=\"icon-list.default\">\n\t\t\t\t<div class=\"elementor-widget-container\">\n\t\t\t<link rel=\"stylesheet\" href=\"https:\/\/www.anteo.com\/wp-content\/plugins\/elementor\/assets\/css\/widget-icon-list.min.css\">\t\t<ul class=\"elementor-icon-list-items\">\n\t\t\t\t\t\t\t<li class=\"elementor-icon-list-item\">\n\t\t\t\t\t\t\t\t\t\t\t<span class=\"elementor-icon-list-icon\">\n\t\t\t\t\t\t\t<i aria-hidden=\"true\" class=\"fas fa-location-arrow\"><\/i>\t\t\t\t\t\t<\/span>\n\t\t\t\t\t\t\t\t\t\t<span class=\"elementor-icon-list-text\">Via Nobili 68\/70, 40062 Molinella, Bologna, Italy<\/span>\n\t\t\t\t\t\t\t\t\t<\/li>\n\t\t\t\t\t\t\t\t<li class=\"elementor-icon-list-item\">\n\t\t\t\t\t\t\t\t\t\t\t<a href=\"tel:+390516906611\">\n\n\t\t\t\t\t\t\t\t\t\t\t\t<span class=\"elementor-icon-list-icon\">\n\t\t\t\t\t\t\t<i aria-hidden=\"true\" class=\"fas fa-phone-alt\"><\/i>\t\t\t\t\t\t<\/span>\n\t\t\t\t\t\t\t\t\t\t<span class=\"elementor-icon-list-text\">Tel +39 051 6906611<\/span>\n\t\t\t\t\t\t\t\t\t\t\t<\/a>\n\t\t\t\t\t\t\t\t\t<\/li>\n\t\t\t\t\t\t\t\t<li class=\"elementor-icon-list-item\">\n\t\t\t\t\t\t\t\t\t\t\t<a href=\"http:\/\/Fax%20+39%20051%206906604\">\n\n\t\t\t\t\t\t\t\t\t\t\t\t<span class=\"elementor-icon-list-icon\">\n\t\t\t\t\t\t\t<i aria-hidden=\"true\" class=\"fas fa-fax\"><\/i>\t\t\t\t\t\t<\/span>\n\t\t\t\t\t\t\t\t\t\t<span class=\"elementor-icon-list-text\">Fax +39 051 6906604<\/span>\n\t\t\t\t\t\t\t\t\t\t\t<\/a>\n\t\t\t\t\t\t\t\t\t<\/li>\n\t\t\t\t\t\t\t\t<li class=\"elementor-icon-list-item\">\n\t\t\t\t\t\t\t\t\t\t\t<a href=\"http:\/\/C.F.%2000085200392%20|%20P.IVA%2000707441200%20|%20COD.SDI%204QXWHZ3\">\n\n\t\t\t\t\t\t\t\t\t\t\t\t<span class=\"elementor-icon-list-icon\">\n\t\t\t\t\t\t\t<i aria-hidden=\"true\" class=\"fas fa-industry\"><\/i>\t\t\t\t\t\t<\/span>\n\t\t\t\t\t\t\t\t\t\t<span class=\"elementor-icon-list-text\">C.F. 00085200392 | P.IVA 00707441200 | COD.SDI 4QXWHZ3<\/span>\n\t\t\t\t\t\t\t\t\t\t\t<\/a>\n\t\t\t\t\t\t\t\t\t<\/li>\n\t\t\t\t\t\t<\/ul>\n\t\t\t\t<\/div>\n\t\t\t\t<\/div>\n\t\t\t\t\t<\/div>\n\t\t<\/div>\n\t\t\t\t<div class=\"elementor-column elementor-col-50 elementor-inner-column elementor-element elementor-element-7b826c0e\" data-id=\"7b826c0e\" data-element_type=\"column\" data-settings=\"{&quot;background_background&quot;:&quot;classic&quot;}\">\n\t\t\t<div class=\"elementor-widget-wrap elementor-element-populated\">\n\t\t\t\t\t\t<div class=\"elementor-element elementor-element-326acd9 elementor-widget elementor-widget-text-editor\" data-id=\"326acd9\" data-element_type=\"widget\" id=\"form-warranty\" data-widget_type=\"text-editor.default\">\n\t\t\t\t<div class=\"elementor-widget-container\">\n\t\t\t\t\t\t\t<h4 style=\"color: #0061af;\"><strong>Compila il form, sarai ricontattato al pi\u00f9 presto.<\/strong><\/h4>\t\t\t\t\t\t<\/div>\n\t\t\t\t<\/div>\n\t\t\t\t<div class=\"elementor-element elementor-element-261e41c elementor-widget elementor-widget-shortcode\" data-id=\"261e41c\" data-element_type=\"widget\" data-widget_type=\"shortcode.default\">\n\t\t\t\t<div class=\"elementor-widget-container\">\n\t\t\t\t\t<div class=\"elementor-shortcode\">\n<div class=\"wpcf7 no-js\" id=\"wpcf7-f5675-o1\" lang=\"it-IT\" dir=\"ltr\" data-wpcf7-id=\"5675\">\n<div class=\"screen-reader-response\"><p role=\"status\" aria-live=\"polite\" aria-atomic=\"true\"><\/p> <ul><\/ul><\/div>\n<form action=\"\/it\/wp-json\/wp\/v2\/pages\/5670#wpcf7-f5675-o1\" method=\"post\" class=\"wpcf7-form init\" aria-label=\"Modulo di contatto\" novalidate=\"novalidate\" data-status=\"init\">\n<fieldset class=\"hidden-fields-container\"><input type=\"hidden\" name=\"_wpcf7\" value=\"5675\" \/><input type=\"hidden\" name=\"_wpcf7_version\" value=\"6.1.5\" \/><input type=\"hidden\" name=\"_wpcf7_locale\" value=\"it_IT\" \/><input type=\"hidden\" name=\"_wpcf7_unit_tag\" value=\"wpcf7-f5675-o1\" \/><input type=\"hidden\" name=\"_wpcf7_container_post\" value=\"0\" \/><input type=\"hidden\" name=\"_wpcf7_posted_data_hash\" value=\"\" \/><input type=\"hidden\" name=\"_wpcf7_recaptcha_response\" value=\"\" \/>\n<\/fieldset>\n<div id=\"responsive-form\" class=\"clearfix\">\n\t<div class=\"form-row\">\n\t\t<div class=\"column-half\">\n\t\t\t<p><span class=\"wpcf7-form-control-wrap\" data-name=\"nome\"><input size=\"40\" maxlength=\"400\" class=\"wpcf7-form-control wpcf7-text wpcf7-validates-as-required\" aria-required=\"true\" aria-invalid=\"false\" placeholder=\"NOME *\" value=\"\" type=\"text\" name=\"nome\" \/><\/span>\n\t\t\t<\/p>\n\t\t<\/div>\n\t\t<div class=\"column-half\">\n\t\t\t<p><span class=\"wpcf7-form-control-wrap\" data-name=\"cognome\"><input size=\"40\" maxlength=\"400\" class=\"wpcf7-form-control wpcf7-text wpcf7-validates-as-required\" aria-required=\"true\" aria-invalid=\"false\" placeholder=\"COGNOME *\" value=\"\" type=\"text\" name=\"cognome\" \/><\/span>\n\t\t\t<\/p>\n\t\t<\/div>\n\t<\/div>\n\t<div class=\"form-row\">\n\t\t<div class=\"column-half\">\n\t\t\t<p><span class=\"wpcf7-form-control-wrap\" data-name=\"email\"><input size=\"40\" maxlength=\"400\" class=\"wpcf7-form-control wpcf7-email wpcf7-validates-as-required wpcf7-text wpcf7-validates-as-email\" aria-required=\"true\" aria-invalid=\"false\" placeholder=\"EMAIL *\" value=\"\" type=\"email\" name=\"email\" \/><\/span>\n\t\t\t<\/p>\n\t\t<\/div>\n\t\t<div class=\"column-half\">\n\t\t\t<p><span class=\"wpcf7-form-control-wrap\" data-name=\"telefono\"><input size=\"40\" maxlength=\"400\" class=\"wpcf7-form-control wpcf7-tel wpcf7-validates-as-required wpcf7-text wpcf7-validates-as-tel\" aria-required=\"true\" aria-invalid=\"false\" placeholder=\"TELEFONO *\" value=\"\" type=\"tel\" name=\"telefono\" \/><\/span>\n\t\t\t<\/p>\n\t\t<\/div>\n\t<\/div>\n\t<div class=\"form-row\">\n\t\t<div class=\"column-half\">\n\t\t\t<p><span class=\"wpcf7-form-control-wrap\" data-name=\"azienda\"><input size=\"40\" maxlength=\"400\" class=\"wpcf7-form-control wpcf7-text wpcf7-validates-as-required\" aria-required=\"true\" aria-invalid=\"false\" placeholder=\"AZIENDA *\" value=\"\" type=\"text\" name=\"azienda\" \/><\/span>\n\t\t\t<\/p>\n\t\t<\/div>\n\t\t<div class=\"column-half\">\n\t\t\t<p><span class=\"wpcf7-form-control-wrap\" data-name=\"indirizzo\"><input size=\"40\" maxlength=\"400\" class=\"wpcf7-form-control wpcf7-text wpcf7-validates-as-required\" aria-required=\"true\" aria-invalid=\"false\" placeholder=\"INDIRIZZO *\" value=\"\" type=\"text\" name=\"indirizzo\" \/><\/span>\n\t\t\t<\/p>\n\t\t<\/div>\n\t<\/div>\n\t<div class=\"form-row\">\n\t\t<div class=\"column-half\">\n\t\t\t<p><span class=\"wpcf7-form-control-wrap\" data-name=\"citta\"><input size=\"40\" maxlength=\"400\" class=\"wpcf7-form-control wpcf7-text wpcf7-validates-as-required\" aria-required=\"true\" aria-invalid=\"false\" placeholder=\"CITT\u00c0 *\" value=\"\" type=\"text\" name=\"citta\" \/><\/span>\n\t\t\t<\/p>\n\t\t<\/div>\n\t\t<div class=\"column-half\">\n\t\t\t<p><span class=\"wpcf7-form-control-wrap\" data-name=\"cap\"><input size=\"40\" maxlength=\"400\" class=\"wpcf7-form-control wpcf7-text wpcf7-validates-as-required\" aria-required=\"true\" aria-invalid=\"false\" placeholder=\"CAP *\" value=\"\" type=\"text\" name=\"cap\" \/><\/span>\n\t\t\t<\/p>\n\t\t<\/div>\n\t<\/div>\n\t<div class=\"column-full\">\n\t\t<p><span class=\"wpcf7-form-control-wrap\" data-name=\"richiesta\"><textarea cols=\"40\" rows=\"3\" maxlength=\"2000\" class=\"wpcf7-form-control wpcf7-textarea\" aria-invalid=\"false\" placeholder=\"RICHIESTA\" name=\"richiesta\"><\/textarea><\/span>\n\t\t<\/p>\n\t<\/div>\n\t<div class=\"column-full\">\n\t\t<div class=\"privacy\">\n\t\t\t<p><span class=\"wpcf7-form-control-wrap\" data-name=\"privacy\"><span class=\"wpcf7-form-control wpcf7-acceptance\"><span class=\"wpcf7-list-item\"><input type=\"checkbox\" name=\"privacy\" value=\"1\" aria-invalid=\"false\" \/><\/span><\/span><\/span><a href=\"\/privacy-policy\" target=\"_blank\">Autorizzo il trattamento dei miei dati secondo il Regolamento Europeo del 27 aprile 2016 n. 2016\/679\/UE<\/a>\n\t\t\t<\/p>\n\t\t<\/div>\n\t\t<p><input class=\"wpcf7-form-control wpcf7-submit has-spinner\" type=\"submit\" value=\"CONTATTACI\" \/>\n\t\t<\/p>\n\t<\/div>\n<\/div><div class=\"wpcf7-response-output\" aria-hidden=\"true\"><\/div>\n<\/form>\n<\/div>\n<\/div>\n\t\t\t\t<\/div>\n\t\t\t\t<\/div>\n\t\t\t\t\t<\/div>\n\t\t<\/div>\n\t\t\t\t\t<\/div>\n\t\t<\/section>\n\t\t\t\t\t<\/div>\n\t\t<\/div>\n\t\t\t\t\t<\/div>\n\t\t<\/section>\n\t\t\t\t<section class=\"elementor-section elementor-top-section elementor-element elementor-element-81e40b9 elementor-section-full_width elementor-section-height-default elementor-section-height-default\" data-id=\"81e40b9\" data-element_type=\"section\">\n\t\t\t\t\t\t<div class=\"elementor-container elementor-column-gap-default\">\n\t\t\t\t\t<div class=\"elementor-column elementor-col-100 elementor-top-column elementor-element elementor-element-eacd602\" data-id=\"eacd602\" data-element_type=\"column\">\n\t\t\t<div class=\"elementor-widget-wrap elementor-element-populated\">\n\t\t\t\t\t\t<div class=\"elementor-element elementor-element-4b19f87 elementor-widget elementor-widget-html\" data-id=\"4b19f87\" data-element_type=\"widget\" data-widget_type=\"html.default\">\n\t\t\t\t<div class=\"elementor-widget-container\">\n\t\t\t<iframe src=\"https:\/\/www.google.com\/maps\/embed?pb=!1m14!1m8!1m3!1d14334.059289373212!2d11.6678667!3d44.6136898!3m2!1i1024!2i768!4f13.1!3m3!1m2!1s0x0%3A0x92af3cc209d12ac!2sAnteo%20S.p.A.%20Premium%20Aluminium%20Tail-Lifts%20-%20Sponde%20Idrauliche!5e1!3m2!1sit!2sit!4v1657719783011!5m2!1sit!2sit\" width=\"600\" height=\"450\" style=\"border:0;\" allowfullscreen=\"\" loading=\"lazy\" referrerpolicy=\"no-referrer-when-downgrade\"><\/iframe>\t\t<\/div>\n\t\t\t\t<\/div>\n\t\t\t\t\t<\/div>\n\t\t<\/div>\n\t\t\t\t\t<\/div>\n\t\t<\/section>\n\t\t\t\t<\/div>\n\t\t","protected":false},"excerpt":{"rendered":"<p>Vuoi maggiori informazioni? Contatta Anteo Vuoi avere maggiori informazioni sulle sponde caricatrici Anteo, un preventivo per installare la tua nuova sponda o altro? Anteo S.p.a. Sponde caricatrici Made in Italy Via Nobili 68\/70, 40062 Molinella, Bologna, Italy Tel +39 051 6906611 Fax +39 051 6906604 C.F. 00085200392 | P.IVA 00707441200 | COD.SDI 4QXWHZ3 Compila il [&hellip;]<\/p>\n","protected":false},"author":2,"featured_media":0,"parent":0,"menu_order":0,"comment_status":"closed","ping_status":"closed","template":"","meta":{"footnotes":""},"class_list":["post-5670","page","type-page","status-publish","hentry"],"yoast_head":"<!-- This site is optimized with the Yoast SEO plugin v27.2 - https:\/\/yoast.com\/product\/yoast-seo-wordpress\/ -->\r\n<title>Pi\u00f9 clienti, pi\u00f9 opportunit\u00e0, pi\u00f9 guadagni. - Anteo<\/title>\r\n<meta name=\"description\" content=\"Aderire ad Anteo warranty 4x significa poter offrire ai propri clienti le sponde leader di mercato in Italia e nel mondo dal 1969 con in pi\u00f9 un\u2019esclusiva garanzia di ben 4 anni, utilizzabile solo nei centri selezionati. A portarti i clienti, ci pensiamo noi!\" \/>\r\n<meta name=\"robots\" content=\"index, follow, max-snippet:-1, max-image-preview:large, max-video-preview:-1\" \/>\r\n<link rel=\"canonical\" href=\"https:\/\/www.anteo.com\/it\/contatti\/\" \/>\r\n<meta property=\"og:locale\" content=\"it_IT\" \/>\r\n<meta property=\"og:type\" content=\"article\" \/>\r\n<meta property=\"og:title\" content=\"Pi\u00f9 clienti, pi\u00f9 opportunit\u00e0, pi\u00f9 guadagni. - Anteo\" \/>\r\n<meta property=\"og:description\" content=\"Aderire ad Anteo warranty 4x significa poter offrire ai propri clienti le sponde leader di mercato in Italia e nel mondo dal 1969 con in pi\u00f9 un\u2019esclusiva garanzia di ben 4 anni, utilizzabile solo nei centri selezionati. A portarti i clienti, ci pensiamo noi!\" \/>\r\n<meta property=\"og:url\" content=\"https:\/\/www.anteo.com\/it\/contatti\/\" \/>\r\n<meta property=\"og:site_name\" content=\"Anteo\" \/>\r\n<meta property=\"article:modified_time\" content=\"2022-07-13T14:39:40+00:00\" \/>\r\n<meta property=\"og:image\" content=\"https:\/\/www.anteo.com\/wp-content\/uploads\/2021\/12\/cropped-ANTEO-logo-ico.png\" \/>\r\n\t<meta property=\"og:image:width\" content=\"512\" \/>\r\n\t<meta property=\"og:image:height\" content=\"512\" \/>\r\n\t<meta property=\"og:image:type\" content=\"image\/png\" \/>\r\n<meta name=\"twitter:card\" content=\"summary_large_image\" \/>\r\n<meta name=\"twitter:label1\" content=\"Tempo di lettura stimato\" \/>\n\t<meta name=\"twitter:data1\" content=\"1 minuto\" \/>\r\n<script type=\"application\/ld+json\" class=\"yoast-schema-graph\">{\"@context\":\"https:\/\/schema.org\",\"@graph\":[{\"@type\":\"WebPage\",\"@id\":\"https:\/\/www.anteo.com\/it\/contatti\/\",\"url\":\"https:\/\/www.anteo.com\/it\/contatti\/\",\"name\":\"Pi\u00f9 clienti, pi\u00f9 opportunit\u00e0, pi\u00f9 guadagni. - Anteo\",\"isPartOf\":{\"@id\":\"https:\/\/www.anteo.com\/it\/#website\"},\"datePublished\":\"2022-01-18T11:58:35+00:00\",\"dateModified\":\"2022-07-13T14:39:40+00:00\",\"description\":\"Aderire ad Anteo warranty 4x significa poter offrire ai propri clienti le sponde leader di mercato in Italia e nel mondo dal 1969 con in pi\u00f9 un\u2019esclusiva garanzia di ben 4 anni, utilizzabile solo nei centri selezionati. A portarti i clienti, ci pensiamo noi!\",\"breadcrumb\":{\"@id\":\"https:\/\/www.anteo.com\/it\/contatti\/#breadcrumb\"},\"inLanguage\":\"it-IT\",\"potentialAction\":[{\"@type\":\"ReadAction\",\"target\":[\"https:\/\/www.anteo.com\/it\/contatti\/\"]}]},{\"@type\":\"BreadcrumbList\",\"@id\":\"https:\/\/www.anteo.com\/it\/contatti\/#breadcrumb\",\"itemListElement\":[{\"@type\":\"ListItem\",\"position\":1,\"name\":\"Home\",\"item\":\"https:\/\/www.anteo.com\/it\/\"},{\"@type\":\"ListItem\",\"position\":2,\"name\":\"Contatti\"}]},{\"@type\":\"WebSite\",\"@id\":\"https:\/\/www.anteo.com\/it\/#website\",\"url\":\"https:\/\/www.anteo.com\/it\/\",\"name\":\"Anteo\",\"description\":\"\",\"publisher\":{\"@id\":\"https:\/\/www.anteo.com\/it\/#organization\"},\"potentialAction\":[{\"@type\":\"SearchAction\",\"target\":{\"@type\":\"EntryPoint\",\"urlTemplate\":\"https:\/\/www.anteo.com\/it\/?s={search_term_string}\"},\"query-input\":{\"@type\":\"PropertyValueSpecification\",\"valueRequired\":true,\"valueName\":\"search_term_string\"}}],\"inLanguage\":\"it-IT\"},{\"@type\":\"Organization\",\"@id\":\"https:\/\/www.anteo.com\/it\/#organization\",\"name\":\"Anteo\",\"url\":\"https:\/\/www.anteo.com\/it\/\",\"logo\":{\"@type\":\"ImageObject\",\"inLanguage\":\"it-IT\",\"@id\":\"https:\/\/www.anteo.com\/it\/#\/schema\/logo\/image\/\",\"url\":\"https:\/\/www.anteo.com\/wp-content\/uploads\/2022\/01\/ANTEO-logo-1.png\",\"contentUrl\":\"https:\/\/www.anteo.com\/wp-content\/uploads\/2022\/01\/ANTEO-logo-1.png\",\"width\":400,\"height\":125,\"caption\":\"Anteo\"},\"image\":{\"@id\":\"https:\/\/www.anteo.com\/it\/#\/schema\/logo\/image\/\"}}]}<\/script>\r\n<!-- \/ Yoast SEO plugin. -->","yoast_head_json":{"title":"Pi\u00f9 clienti, pi\u00f9 opportunit\u00e0, pi\u00f9 guadagni. - Anteo","description":"Aderire ad Anteo warranty 4x significa poter offrire ai propri clienti le sponde leader di mercato in Italia e nel mondo dal 1969 con in pi\u00f9 un\u2019esclusiva garanzia di ben 4 anni, utilizzabile solo nei centri selezionati. A portarti i clienti, ci pensiamo noi!","robots":{"index":"index","follow":"follow","max-snippet":"max-snippet:-1","max-image-preview":"max-image-preview:large","max-video-preview":"max-video-preview:-1"},"canonical":"https:\/\/www.anteo.com\/it\/contatti\/","og_locale":"it_IT","og_type":"article","og_title":"Pi\u00f9 clienti, pi\u00f9 opportunit\u00e0, pi\u00f9 guadagni. - Anteo","og_description":"Aderire ad Anteo warranty 4x significa poter offrire ai propri clienti le sponde leader di mercato in Italia e nel mondo dal 1969 con in pi\u00f9 un\u2019esclusiva garanzia di ben 4 anni, utilizzabile solo nei centri selezionati. A portarti i clienti, ci pensiamo noi!","og_url":"https:\/\/www.anteo.com\/it\/contatti\/","og_site_name":"Anteo","article_modified_time":"2022-07-13T14:39:40+00:00","og_image":[{"width":512,"height":512,"url":"https:\/\/www.anteo.com\/wp-content\/uploads\/2021\/12\/cropped-ANTEO-logo-ico.png","type":"image\/png"}],"twitter_card":"summary_large_image","twitter_misc":{"Tempo di lettura stimato":"1 minuto"},"schema":{"@context":"https:\/\/schema.org","@graph":[{"@type":"WebPage","@id":"https:\/\/www.anteo.com\/it\/contatti\/","url":"https:\/\/www.anteo.com\/it\/contatti\/","name":"Pi\u00f9 clienti, pi\u00f9 opportunit\u00e0, pi\u00f9 guadagni. - Anteo","isPartOf":{"@id":"https:\/\/www.anteo.com\/it\/#website"},"datePublished":"2022-01-18T11:58:35+00:00","dateModified":"2022-07-13T14:39:40+00:00","description":"Aderire ad Anteo warranty 4x significa poter offrire ai propri clienti le sponde leader di mercato in Italia e nel mondo dal 1969 con in pi\u00f9 un\u2019esclusiva garanzia di ben 4 anni, utilizzabile solo nei centri selezionati. A portarti i clienti, ci pensiamo noi!","breadcrumb":{"@id":"https:\/\/www.anteo.com\/it\/contatti\/#breadcrumb"},"inLanguage":"it-IT","potentialAction":[{"@type":"ReadAction","target":["https:\/\/www.anteo.com\/it\/contatti\/"]}]},{"@type":"BreadcrumbList","@id":"https:\/\/www.anteo.com\/it\/contatti\/#breadcrumb","itemListElement":[{"@type":"ListItem","position":1,"name":"Home","item":"https:\/\/www.anteo.com\/it\/"},{"@type":"ListItem","position":2,"name":"Contatti"}]},{"@type":"WebSite","@id":"https:\/\/www.anteo.com\/it\/#website","url":"https:\/\/www.anteo.com\/it\/","name":"Anteo","description":"","publisher":{"@id":"https:\/\/www.anteo.com\/it\/#organization"},"potentialAction":[{"@type":"SearchAction","target":{"@type":"EntryPoint","urlTemplate":"https:\/\/www.anteo.com\/it\/?s={search_term_string}"},"query-input":{"@type":"PropertyValueSpecification","valueRequired":true,"valueName":"search_term_string"}}],"inLanguage":"it-IT"},{"@type":"Organization","@id":"https:\/\/www.anteo.com\/it\/#organization","name":"Anteo","url":"https:\/\/www.anteo.com\/it\/","logo":{"@type":"ImageObject","inLanguage":"it-IT","@id":"https:\/\/www.anteo.com\/it\/#\/schema\/logo\/image\/","url":"https:\/\/www.anteo.com\/wp-content\/uploads\/2022\/01\/ANTEO-logo-1.png","contentUrl":"https:\/\/www.anteo.com\/wp-content\/uploads\/2022\/01\/ANTEO-logo-1.png","width":400,"height":125,"caption":"Anteo"},"image":{"@id":"https:\/\/www.anteo.com\/it\/#\/schema\/logo\/image\/"}}]}},"_links":{"self":[{"href":"https:\/\/www.anteo.com\/it\/wp-json\/wp\/v2\/pages\/5670","targetHints":{"allow":["GET"]}}],"collection":[{"href":"https:\/\/www.anteo.com\/it\/wp-json\/wp\/v2\/pages"}],"about":[{"href":"https:\/\/www.anteo.com\/it\/wp-json\/wp\/v2\/types\/page"}],"author":[{"embeddable":true,"href":"https:\/\/www.anteo.com\/it\/wp-json\/wp\/v2\/users\/2"}],"replies":[{"embeddable":true,"href":"https:\/\/www.anteo.com\/it\/wp-json\/wp\/v2\/comments?post=5670"}],"version-history":[{"count":0,"href":"https:\/\/www.anteo.com\/it\/wp-json\/wp\/v2\/pages\/5670\/revisions"}],"wp:attachment":[{"href":"https:\/\/www.anteo.com\/it\/wp-json\/wp\/v2\/media?parent=5670"}],"curies":[{"name":"wp","href":"https:\/\/api.w.org\/{rel}","templated":true}]}}